{"id":1544,"date":"2025-04-08T10:11:20","date_gmt":"2025-04-08T08:11:20","guid":{"rendered":"http:\/\/web.es.mialias.net\/projectes\/el-rum-rum-comercial\/"},"modified":"2025-08-04T17:02:02","modified_gmt":"2025-08-04T15:02:02","slug":"el-rum-rum-comercial","status":"publish","type":"page","link":"https:\/\/udestudi.com\/ca\/projectes\/el-rum-rum-comercial\/","title":{"rendered":"El Rum Rum"},"content":{"rendered":"\t\t<div data-elementor-type=\"wp-page\" data-elementor-id=\"1544\" class=\"elementor elementor-1544\">\n\t\t\t\t<div class=\"elementor-element elementor-element-f6e0074 e-flex e-con-boxed e-con e-parent\" data-id=\"f6e0074\" data-element_type=\"container\">\n\t\t\t\t\t<div class=\"e-con-inner\">\n\t\t<div class=\"elementor-element elementor-element-eac5fdc e-con-full e-flex e-con e-child\" data-id=\"eac5fdc\" data-element_type=\"container\">\n\t\t\t\t<div class=\"elementor-element elementor-element-88c1a31 font-t elementor-widget elementor-widget-heading\" data-id=\"88c1a31\" data-element_type=\"widget\" data-widget_type=\"heading.default\">\n\t\t\t\t<div class=\"elementor-widget-container\">\n\t\t\t\t\t<h1 class=\"elementor-heading-title elementor-size-default\">EL RUM RUM<\/h1>\t\t\t\t<\/div>\n\t\t\t\t<\/div>\n\t\t\t\t<div class=\"elementor-element elementor-element-4a7f753 elementor-widget__width-initial font-p elementor-widget elementor-widget-text-editor\" data-id=\"4a7f753\" data-element_type=\"widget\" data-widget_type=\"text-editor.default\">\n\t\t\t\t<div class=\"elementor-widget-container\">\n\t\t\t\t\t\t\t\t\t<p>Inspirat en l&#8217;ess\u00e8ncia mediterr\u00e0nia per\u00f2 amb el ritme de la Cuba tropical, EL RUM RUM \u00e9s un projecte badalon\u00ed estructurat en diferents espais que es connecten mitjan\u00e7ant la barreja d&#8217;elements i materials c\u00e0lids.<\/p><p>Un espai gastron\u00f2mic informal que ofereix plats i degustacions exquisits, on el verd, les fibres naturals i l&#8217;estil desenfadat, t&#8217;envolten de sensacions agradables.<\/p>\t\t\t\t\t\t\t\t<\/div>\n\t\t\t\t<\/div>\n\t\t\t\t<\/div>\n\t\t<div class=\"elementor-element elementor-element-4bf5197 e-con-full e-flex e-con e-child\" data-id=\"4bf5197\" data-element_type=\"container\">\n\t\t\t\t<div class=\"elementor-element elementor-element-04b584e gallery-spacing-custom elementor-widget elementor-widget-image-gallery\" data-id=\"04b584e\" data-element_type=\"widget\" data-widget_type=\"image-gallery.default\">\n\t\t\t\t<div class=\"elementor-widget-container\">\n\t\t\t\t\t\t\t<div class=\"elementor-image-gallery\">\n\t\t\t<div id='gallery-1' class='gallery galleryid-1544 gallery-columns-1 gallery-size-full'><figure class='gallery-item'>\n\t\t\t<div class='gallery-icon landscape'>\n\t\t\t\t<a data-elementor-open-lightbox=\"yes\" data-elementor-lightbox-slideshow=\"04b584e\" data-elementor-lightbox-title=\"El rum rum 016\" data-e-action-hash=\"#elementor-action%3Aaction%3Dlightbox%26settings%3DeyJpZCI6MTM4NywidXJsIjoiaHR0cHM6XC9cL3VkZXN0dWRpLmNvbVwvd3AtY29udGVudFwvdXBsb2Fkc1wvMjAyNVwvMDRcL0VsLXJ1bS1ydW0tMDE2LmpwZyIsInNsaWRlc2hvdyI6IjA0YjU4NGUifQ%3D%3D\" href='https:\/\/udestudi.com\/wp-content\/uploads\/2025\/04\/El-rum-rum-016.jpg'><img fetchpriority=\"high\" decoding=\"async\" width=\"2368\" height=\"1500\" src=\"https:\/\/udestudi.com\/wp-content\/uploads\/2025\/04\/El-rum-rum-016.jpg\" class=\"attachment-full size-full\" alt=\"\" srcset=\"https:\/\/udestudi.com\/wp-content\/uploads\/2025\/04\/El-rum-rum-016.jpg 2368w, https:\/\/udestudi.com\/wp-content\/uploads\/2025\/04\/El-rum-rum-016-300x190.jpg 300w, https:\/\/udestudi.com\/wp-content\/uploads\/2025\/04\/El-rum-rum-016-1024x649.jpg 1024w, https:\/\/udestudi.com\/wp-content\/uploads\/2025\/04\/El-rum-rum-016-768x486.jpg 768w, https:\/\/udestudi.com\/wp-content\/uploads\/2025\/04\/El-rum-rum-016-1536x973.jpg 1536w, https:\/\/udestudi.com\/wp-content\/uploads\/2025\/04\/El-rum-rum-016-2048x1297.jpg 2048w\" sizes=\"(max-width: 2368px) 100vw, 2368px\" \/><\/a>\n\t\t\t<\/div><\/figure><figure class='gallery-item'>\n\t\t\t<div class='gallery-icon landscape'>\n\t\t\t\t<a data-elementor-open-lightbox=\"yes\" data-elementor-lightbox-slideshow=\"04b584e\" data-elementor-lightbox-title=\"El rum rum 005\" data-e-action-hash=\"#elementor-action%3Aaction%3Dlightbox%26settings%3DeyJpZCI6MTM3MywidXJsIjoiaHR0cHM6XC9cL3VkZXN0dWRpLmNvbVwvd3AtY29udGVudFwvdXBsb2Fkc1wvMjAyNVwvMDRcL0VsLXJ1bS1ydW0tMDA1LmpwZyIsInNsaWRlc2hvdyI6IjA0YjU4NGUifQ%3D%3D\" href='https:\/\/udestudi.com\/wp-content\/uploads\/2025\/04\/El-rum-rum-005.jpg'><img decoding=\"async\" width=\"2368\" height=\"1500\" src=\"https:\/\/udestudi.com\/wp-content\/uploads\/2025\/04\/El-rum-rum-005.jpg\" class=\"attachment-full size-full\" alt=\"\" srcset=\"https:\/\/udestudi.com\/wp-content\/uploads\/2025\/04\/El-rum-rum-005.jpg 2368w, https:\/\/udestudi.com\/wp-content\/uploads\/2025\/04\/El-rum-rum-005-300x190.jpg 300w, https:\/\/udestudi.com\/wp-content\/uploads\/2025\/04\/El-rum-rum-005-1024x649.jpg 1024w, https:\/\/udestudi.com\/wp-content\/uploads\/2025\/04\/El-rum-rum-005-768x486.jpg 768w, https:\/\/udestudi.com\/wp-content\/uploads\/2025\/04\/El-rum-rum-005-1536x973.jpg 1536w, https:\/\/udestudi.com\/wp-content\/uploads\/2025\/04\/El-rum-rum-005-2048x1297.jpg 2048w\" sizes=\"(max-width: 2368px) 100vw, 2368px\" \/><\/a>\n\t\t\t<\/div><\/figure><figure class='gallery-item'>\n\t\t\t<div class='gallery-icon landscape'>\n\t\t\t\t<a data-elementor-open-lightbox=\"yes\" data-elementor-lightbox-slideshow=\"04b584e\" data-elementor-lightbox-title=\"El rum rum 012\" data-e-action-hash=\"#elementor-action%3Aaction%3Dlightbox%26settings%3DeyJpZCI6MTM4MSwidXJsIjoiaHR0cHM6XC9cL3VkZXN0dWRpLmNvbVwvd3AtY29udGVudFwvdXBsb2Fkc1wvMjAyNVwvMDRcL0VsLXJ1bS1ydW0tMDEyLmpwZyIsInNsaWRlc2hvdyI6IjA0YjU4NGUifQ%3D%3D\" href='https:\/\/udestudi.com\/wp-content\/uploads\/2025\/04\/El-rum-rum-012.jpg'><img decoding=\"async\" width=\"2368\" height=\"1500\" src=\"https:\/\/udestudi.com\/wp-content\/uploads\/2025\/04\/El-rum-rum-012.jpg\" class=\"attachment-full size-full\" alt=\"\" srcset=\"https:\/\/udestudi.com\/wp-content\/uploads\/2025\/04\/El-rum-rum-012.jpg 2368w, https:\/\/udestudi.com\/wp-content\/uploads\/2025\/04\/El-rum-rum-012-300x190.jpg 300w, https:\/\/udestudi.com\/wp-content\/uploads\/2025\/04\/El-rum-rum-012-1024x649.jpg 1024w, https:\/\/udestudi.com\/wp-content\/uploads\/2025\/04\/El-rum-rum-012-768x486.jpg 768w, https:\/\/udestudi.com\/wp-content\/uploads\/2025\/04\/El-rum-rum-012-1536x973.jpg 1536w, https:\/\/udestudi.com\/wp-content\/uploads\/2025\/04\/El-rum-rum-012-2048x1297.jpg 2048w\" sizes=\"(max-width: 2368px) 100vw, 2368px\" \/><\/a>\n\t\t\t<\/div><\/figure><figure class='gallery-item'>\n\t\t\t<div class='gallery-icon landscape'>\n\t\t\t\t<a data-elementor-open-lightbox=\"yes\" data-elementor-lightbox-slideshow=\"04b584e\" data-elementor-lightbox-title=\"El rum rum 013\" data-e-action-hash=\"#elementor-action%3Aaction%3Dlightbox%26settings%3DeyJpZCI6MTM4MywidXJsIjoiaHR0cHM6XC9cL3VkZXN0dWRpLmNvbVwvd3AtY29udGVudFwvdXBsb2Fkc1wvMjAyNVwvMDRcL0VsLXJ1bS1ydW0tMDEzLmpwZyIsInNsaWRlc2hvdyI6IjA0YjU4NGUifQ%3D%3D\" href='https:\/\/udestudi.com\/wp-content\/uploads\/2025\/04\/El-rum-rum-013.jpg'><img loading=\"lazy\" decoding=\"async\" width=\"2368\" height=\"1500\" src=\"https:\/\/udestudi.com\/wp-content\/uploads\/2025\/04\/El-rum-rum-013.jpg\" class=\"attachment-full size-full\" alt=\"\" srcset=\"https:\/\/udestudi.com\/wp-content\/uploads\/2025\/04\/El-rum-rum-013.jpg 2368w, https:\/\/udestudi.com\/wp-content\/uploads\/2025\/04\/El-rum-rum-013-300x190.jpg 300w, https:\/\/udestudi.com\/wp-content\/uploads\/2025\/04\/El-rum-rum-013-1024x649.jpg 1024w, https:\/\/udestudi.com\/wp-content\/uploads\/2025\/04\/El-rum-rum-013-768x486.jpg 768w, https:\/\/udestudi.com\/wp-content\/uploads\/2025\/04\/El-rum-rum-013-1536x973.jpg 1536w, https:\/\/udestudi.com\/wp-content\/uploads\/2025\/04\/El-rum-rum-013-2048x1297.jpg 2048w\" sizes=\"(max-width: 2368px) 100vw, 2368px\" \/><\/a>\n\t\t\t<\/div><\/figure><figure class='gallery-item'>\n\t\t\t<div class='gallery-icon landscape'>\n\t\t\t\t<a data-elementor-open-lightbox=\"yes\" data-elementor-lightbox-slideshow=\"04b584e\" data-elementor-lightbox-title=\"El rum rum 011\" data-e-action-hash=\"#elementor-action%3Aaction%3Dlightbox%26settings%3DeyJpZCI6MTM3OSwidXJsIjoiaHR0cHM6XC9cL3VkZXN0dWRpLmNvbVwvd3AtY29udGVudFwvdXBsb2Fkc1wvMjAyNVwvMDRcL0VsLXJ1bS1ydW0tMDExLmpwZyIsInNsaWRlc2hvdyI6IjA0YjU4NGUifQ%3D%3D\" href='https:\/\/udestudi.com\/wp-content\/uploads\/2025\/04\/El-rum-rum-011.jpg'><img loading=\"lazy\" decoding=\"async\" width=\"2368\" height=\"1500\" src=\"https:\/\/udestudi.com\/wp-content\/uploads\/2025\/04\/El-rum-rum-011.jpg\" class=\"attachment-full size-full\" alt=\"\" srcset=\"https:\/\/udestudi.com\/wp-content\/uploads\/2025\/04\/El-rum-rum-011.jpg 2368w, https:\/\/udestudi.com\/wp-content\/uploads\/2025\/04\/El-rum-rum-011-300x190.jpg 300w, https:\/\/udestudi.com\/wp-content\/uploads\/2025\/04\/El-rum-rum-011-1024x649.jpg 1024w, https:\/\/udestudi.com\/wp-content\/uploads\/2025\/04\/El-rum-rum-011-768x486.jpg 768w, https:\/\/udestudi.com\/wp-content\/uploads\/2025\/04\/El-rum-rum-011-1536x973.jpg 1536w, https:\/\/udestudi.com\/wp-content\/uploads\/2025\/04\/El-rum-rum-011-2048x1297.jpg 2048w\" sizes=\"(max-width: 2368px) 100vw, 2368px\" \/><\/a>\n\t\t\t<\/div><\/figure><figure class='gallery-item'>\n\t\t\t<div class='gallery-icon landscape'>\n\t\t\t\t<a data-elementor-open-lightbox=\"yes\" data-elementor-lightbox-slideshow=\"04b584e\" data-elementor-lightbox-title=\"El rum rum 010\" data-e-action-hash=\"#elementor-action%3Aaction%3Dlightbox%26settings%3DeyJpZCI6MTM3NywidXJsIjoiaHR0cHM6XC9cL3VkZXN0dWRpLmNvbVwvd3AtY29udGVudFwvdXBsb2Fkc1wvMjAyNVwvMDRcL0VsLXJ1bS1ydW0tMDEwLmpwZyIsInNsaWRlc2hvdyI6IjA0YjU4NGUifQ%3D%3D\" href='https:\/\/udestudi.com\/wp-content\/uploads\/2025\/04\/El-rum-rum-010.jpg'><img loading=\"lazy\" decoding=\"async\" width=\"2368\" height=\"1500\" src=\"https:\/\/udestudi.com\/wp-content\/uploads\/2025\/04\/El-rum-rum-010.jpg\" class=\"attachment-full size-full\" alt=\"\" srcset=\"https:\/\/udestudi.com\/wp-content\/uploads\/2025\/04\/El-rum-rum-010.jpg 2368w, https:\/\/udestudi.com\/wp-content\/uploads\/2025\/04\/El-rum-rum-010-300x190.jpg 300w, https:\/\/udestudi.com\/wp-content\/uploads\/2025\/04\/El-rum-rum-010-1024x649.jpg 1024w, https:\/\/udestudi.com\/wp-content\/uploads\/2025\/04\/El-rum-rum-010-768x486.jpg 768w, https:\/\/udestudi.com\/wp-content\/uploads\/2025\/04\/El-rum-rum-010-1536x973.jpg 1536w, https:\/\/udestudi.com\/wp-content\/uploads\/2025\/04\/El-rum-rum-010-2048x1297.jpg 2048w\" sizes=\"(max-width: 2368px) 100vw, 2368px\" \/><\/a>\n\t\t\t<\/div><\/figure><figure class='gallery-item'>\n\t\t\t<div class='gallery-icon landscape'>\n\t\t\t\t<a data-elementor-open-lightbox=\"yes\" data-elementor-lightbox-slideshow=\"04b584e\" data-elementor-lightbox-title=\"El rum rum 020\" data-e-action-hash=\"#elementor-action%3Aaction%3Dlightbox%26settings%3DeyJpZCI6MTM4OSwidXJsIjoiaHR0cHM6XC9cL3VkZXN0dWRpLmNvbVwvd3AtY29udGVudFwvdXBsb2Fkc1wvMjAyNVwvMDRcL0VsLXJ1bS1ydW0tMDIwLmpwZyIsInNsaWRlc2hvdyI6IjA0YjU4NGUifQ%3D%3D\" href='https:\/\/udestudi.com\/wp-content\/uploads\/2025\/04\/El-rum-rum-020.jpg'><img loading=\"lazy\" decoding=\"async\" width=\"2368\" height=\"1500\" src=\"https:\/\/udestudi.com\/wp-content\/uploads\/2025\/04\/El-rum-rum-020.jpg\" class=\"attachment-full size-full\" alt=\"\" srcset=\"https:\/\/udestudi.com\/wp-content\/uploads\/2025\/04\/El-rum-rum-020.jpg 2368w, https:\/\/udestudi.com\/wp-content\/uploads\/2025\/04\/El-rum-rum-020-300x190.jpg 300w, https:\/\/udestudi.com\/wp-content\/uploads\/2025\/04\/El-rum-rum-020-1024x649.jpg 1024w, https:\/\/udestudi.com\/wp-content\/uploads\/2025\/04\/El-rum-rum-020-768x486.jpg 768w, https:\/\/udestudi.com\/wp-content\/uploads\/2025\/04\/El-rum-rum-020-1536x973.jpg 1536w, https:\/\/udestudi.com\/wp-content\/uploads\/2025\/04\/El-rum-rum-020-2048x1297.jpg 2048w\" sizes=\"(max-width: 2368px) 100vw, 2368px\" \/><\/a>\n\t\t\t<\/div><\/figure><figure class='gallery-item'>\n\t\t\t<div class='gallery-icon landscape'>\n\t\t\t\t<a data-elementor-open-lightbox=\"yes\" data-elementor-lightbox-slideshow=\"04b584e\" data-elementor-lightbox-title=\"El rum rum 015\" data-e-action-hash=\"#elementor-action%3Aaction%3Dlightbox%26settings%3DeyJpZCI6MTM4NSwidXJsIjoiaHR0cHM6XC9cL3VkZXN0dWRpLmNvbVwvd3AtY29udGVudFwvdXBsb2Fkc1wvMjAyNVwvMDRcL0VsLXJ1bS1ydW0tMDE1LmpwZyIsInNsaWRlc2hvdyI6IjA0YjU4NGUifQ%3D%3D\" href='https:\/\/udestudi.com\/wp-content\/uploads\/2025\/04\/El-rum-rum-015.jpg'><img loading=\"lazy\" decoding=\"async\" width=\"2368\" height=\"1500\" src=\"https:\/\/udestudi.com\/wp-content\/uploads\/2025\/04\/El-rum-rum-015.jpg\" class=\"attachment-full size-full\" alt=\"\" srcset=\"https:\/\/udestudi.com\/wp-content\/uploads\/2025\/04\/El-rum-rum-015.jpg 2368w, https:\/\/udestudi.com\/wp-content\/uploads\/2025\/04\/El-rum-rum-015-300x190.jpg 300w, https:\/\/udestudi.com\/wp-content\/uploads\/2025\/04\/El-rum-rum-015-1024x649.jpg 1024w, https:\/\/udestudi.com\/wp-content\/uploads\/2025\/04\/El-rum-rum-015-768x486.jpg 768w, https:\/\/udestudi.com\/wp-content\/uploads\/2025\/04\/El-rum-rum-015-1536x973.jpg 1536w, https:\/\/udestudi.com\/wp-content\/uploads\/2025\/04\/El-rum-rum-015-2048x1297.jpg 2048w\" sizes=\"(max-width: 2368px) 100vw, 2368px\" \/><\/a>\n\t\t\t<\/div><\/figure><figure class='gallery-item'>\n\t\t\t<div class='gallery-icon landscape'>\n\t\t\t\t<a data-elementor-open-lightbox=\"yes\" data-elementor-lightbox-slideshow=\"04b584e\" data-elementor-lightbox-title=\"El rum rum 002\" data-e-action-hash=\"#elementor-action%3Aaction%3Dlightbox%26settings%3DeyJpZCI6MTM3MSwidXJsIjoiaHR0cHM6XC9cL3VkZXN0dWRpLmNvbVwvd3AtY29udGVudFwvdXBsb2Fkc1wvMjAyNVwvMDRcL0VsLXJ1bS1ydW0tMDAyLmpwZyIsInNsaWRlc2hvdyI6IjA0YjU4NGUifQ%3D%3D\" href='https:\/\/udestudi.com\/wp-content\/uploads\/2025\/04\/El-rum-rum-002.jpg'><img loading=\"lazy\" decoding=\"async\" width=\"2368\" height=\"1500\" src=\"https:\/\/udestudi.com\/wp-content\/uploads\/2025\/04\/El-rum-rum-002.jpg\" class=\"attachment-full size-full\" alt=\"\" srcset=\"https:\/\/udestudi.com\/wp-content\/uploads\/2025\/04\/El-rum-rum-002.jpg 2368w, https:\/\/udestudi.com\/wp-content\/uploads\/2025\/04\/El-rum-rum-002-300x190.jpg 300w, https:\/\/udestudi.com\/wp-content\/uploads\/2025\/04\/El-rum-rum-002-1024x649.jpg 1024w, https:\/\/udestudi.com\/wp-content\/uploads\/2025\/04\/El-rum-rum-002-768x486.jpg 768w, https:\/\/udestudi.com\/wp-content\/uploads\/2025\/04\/El-rum-rum-002-1536x973.jpg 1536w, https:\/\/udestudi.com\/wp-content\/uploads\/2025\/04\/El-rum-rum-002-2048x1297.jpg 2048w\" sizes=\"(max-width: 2368px) 100vw, 2368px\" \/><\/a>\n\t\t\t<\/div><\/figure>\n\t\t<\/div>\n\t\t<\/div>\n\t\t\t\t\t\t<\/div>\n\t\t\t\t<\/div>\n\t\t\t\t<\/div>\n\t\t\t\t\t<\/div>\n\t\t\t\t<\/div>\n\t\t<div class=\"elementor-element elementor-element-e415205 e-flex e-con-boxed e-con e-parent\" data-id=\"e415205\" data-element_type=\"container\">\n\t\t\t\t\t<div class=\"e-con-inner\">\n\t\t\t\t<div class=\"elementor-element elementor-element-fc2d819 font-t elementor-widget elementor-widget-heading\" data-id=\"fc2d819\" data-element_type=\"widget\" data-widget_type=\"heading.default\">\n\t\t\t\t<div class=\"elementor-widget-container\">\n\t\t\t\t\t<h3 class=\"elementor-heading-title elementor-size-default\">M\u00e1s proyectos de UD ESTUDI<\/h3>\t\t\t\t<\/div>\n\t\t\t\t<\/div>\n\t\t\t\t<div class=\"elementor-element elementor-element-e5a8b2a elementor-widget elementor-widget-shortcode\" data-id=\"e5a8b2a\" data-element_type=\"widget\" data-widget_type=\"shortcode.default\">\n\t\t\t\t<div class=\"elementor-widget-container\">\n\t\t\t\t\t\t\t<div class=\"elementor-shortcode\"><div id=\"metaslider-id-2155\" style=\"width: 100%;\" class=\"ml-slider-3-101-0 metaslider metaslider-flex metaslider-2155 ml-slider has-carousel-mode ms-theme-clarity nav-hidden\" role=\"region\" aria-label=\"Nueva presentaci\u00f3n de diapositivas\" data-height=\"300\" data-width=\"400\">\n    <div id=\"metaslider_container_2155\">\n        <div id=\"metaslider_2155\">\n            <ul aria-live='polite' class='slides'>\n                <li style=\"display: none; width: 100%;\" class=\"slide-2156 ms-image \" aria-roledescription=\"slide\" data-date=\"2025-07-31 02:46:14\"><a href=\"https:\/\/udestudi.com\/ca\/projectes\/maresme-residencial\/\" target=\"_self\" aria-label=\"Maresme Residencial\" class=\"metaslider_image_link\"><img loading=\"lazy\" decoding=\"async\" src=\"https:\/\/udestudi.com\/wp-content\/uploads\/2025\/04\/DSC_0197-400x300.jpg\" height=\"300\" width=\"400\" alt=\"Maresme Residencial\" class=\"slider-2155 slide-2156 msDefaultImage\" title=\"Maresme Residencial\" \/><\/a><div class=\"caption-wrap\"><div class=\"caption\"><div style=\"text-align:center;\">Maresme<\/div><\/div><\/div><\/li>\n                <li style=\"display: none; width: 100%;\" class=\"slide-2157 ms-image \" aria-roledescription=\"slide\" data-date=\"2025-07-31 02:46:14\"><a href=\"https:\/\/udestudi.com\/ca\/projectes\/pau-claris-residencial\" target=\"_self\" aria-label=\"Pau Clar\u00eds\" class=\"metaslider_image_link\"><img loading=\"lazy\" decoding=\"async\" src=\"https:\/\/udestudi.com\/wp-content\/uploads\/2025\/04\/01_1-scaled-400x300.jpg\" height=\"300\" width=\"400\" alt=\"Pau Clar\u00eds\" class=\"slider-2155 slide-2157 msDefaultImage\" title=\"Pau Clar\u00eds\" \/><\/a><div class=\"caption-wrap\"><div class=\"caption\"><div style=\"text-align:center;\">Pau Clar\u00eds<\/div><\/div><\/div><\/li>\n                <li style=\"display: none; width: 100%;\" class=\"slide-2158 ms-image \" aria-roledescription=\"slide\" data-date=\"2025-07-31 02:46:14\"><a href=\"https:\/\/udestudi.com\/ca\/projectes\/riu-congost-residencial\/\" target=\"_self\" aria-label=\"Riu Congost\" class=\"metaslider_image_link\"><img loading=\"lazy\" decoding=\"async\" src=\"https:\/\/udestudi.com\/wp-content\/uploads\/2025\/04\/21-scaled-400x300.jpg\" height=\"300\" width=\"400\" alt=\"Riu Congost\" class=\"slider-2155 slide-2158 msDefaultImage\" title=\"Riu Congost\" \/><\/a><div class=\"caption-wrap\"><div class=\"caption\"><div style=\"text-align:center;\">Riu Congost<\/div><\/div><\/div><\/li>\n                <li style=\"display: none; width: 100%;\" class=\"slide-2159 ms-image \" aria-roledescription=\"slide\" data-date=\"2025-07-31 02:46:14\"><a href=\"https:\/\/udestudi.com\/ca\/projectes\/el-rum-rum-comercial\" target=\"_self\" aria-label=\"El Rum Rum\" class=\"metaslider_image_link\"><img loading=\"lazy\" decoding=\"async\" src=\"https:\/\/udestudi.com\/wp-content\/uploads\/2025\/05\/rum-400x300.jpg\" height=\"300\" width=\"400\" alt=\"El Rum Rum\" class=\"slider-2155 slide-2159 msDefaultImage\" title=\"El Rum Rum\" \/><\/a><div class=\"caption-wrap\"><div class=\"caption\"><div style=\"text-align:center;\">El Rum Rum<\/div><\/div><\/div><\/li>\n                <li style=\"display: none; width: 100%;\" class=\"slide-2160 ms-image \" aria-roledescription=\"slide\" data-date=\"2025-07-31 02:46:14\"><a href=\"https:\/\/udestudi.com\/ca\/projectes\/mediterrani-residencial\/\" target=\"_self\" aria-label=\"Mediterrani Residencial\" class=\"metaslider_image_link\"><img loading=\"lazy\" decoding=\"async\" src=\"https:\/\/udestudi.com\/wp-content\/uploads\/2025\/05\/PORTADA-MEDITERRANI-400x300.jpg\" height=\"300\" width=\"400\" alt=\"Mediterrani Residencial\" class=\"slider-2155 slide-2160 msDefaultImage\" title=\"Mediterrani Residencial\" \/><\/a><div class=\"caption-wrap\"><div class=\"caption\"><div style=\"text-align:center;\">Mediterrani<\/div><\/div><\/div><\/li>\n                <li style=\"display: none; width: 100%;\" class=\"slide-2161 ms-image \" aria-roledescription=\"slide\" data-date=\"2025-07-31 02:46:14\"><a href=\"https:\/\/udestudi.com\/ca\/projectes\/sant-iscle-residencial\" target=\"_self\" aria-label=\"Sant Iscle\" class=\"metaslider_image_link\"><img loading=\"lazy\" decoding=\"async\" src=\"https:\/\/udestudi.com\/wp-content\/uploads\/2025\/05\/PORTADA-SANT-ISCLE-400x300.jpg\" height=\"300\" width=\"400\" alt=\"Sant Iscle\" class=\"slider-2155 slide-2161 msDefaultImage\" title=\"Sant Iscle\" \/><\/a><div class=\"caption-wrap\"><div class=\"caption\"><div style=\"text-align:center;\">Sant Iscle<\/div><\/div><\/div><\/li>\n                <li style=\"display: none; width: 100%;\" class=\"slide-2162 ms-image \" aria-roledescription=\"slide\" data-date=\"2025-07-31 02:46:14\"><a href=\"https:\/\/udestudi.com\/ca\/projectes\/pont-del-petroli-residencial\/\" target=\"_self\" aria-label=\"Pont del Petroli\" class=\"metaslider_image_link\"><img loading=\"lazy\" decoding=\"async\" src=\"https:\/\/udestudi.com\/wp-content\/uploads\/2025\/05\/PORTADA-PONT-DEL-PETROLI-400x300.jpeg\" height=\"300\" width=\"400\" alt=\"Pont del Petroli\" class=\"slider-2155 slide-2162 msDefaultImage\" title=\"Pont del Petroli\" \/><\/a><div class=\"caption-wrap\"><div class=\"caption\"><div style=\"text-align:center;\">Pont del Petroli<\/div><\/div><\/div><\/li>\n                <li style=\"display: none; width: 100%;\" class=\"slide-2163 ms-image \" aria-roledescription=\"slide\" data-date=\"2025-07-31 02:46:14\"><a href=\"https:\/\/udestudi.com\/ca\/caldetas\/caldetas-residencial\" target=\"_self\" aria-label=\"Caldetas\" class=\"metaslider_image_link\"><img loading=\"lazy\" decoding=\"async\" src=\"https:\/\/udestudi.com\/wp-content\/uploads\/2025\/05\/PORTADA-CALDETAS-400x300.jpeg\" height=\"300\" width=\"400\" alt=\"Caldetas\" class=\"slider-2155 slide-2163 msDefaultImage\" title=\"Caldetas\" \/><\/a><div class=\"caption-wrap\"><div class=\"caption\"><div style=\"text-align:center;\">Caldetas<\/div><\/div><\/div><\/li>\n                <li style=\"display: none; width: 100%;\" class=\"slide-2164 ms-image \" aria-roledescription=\"slide\" data-date=\"2025-07-31 02:46:14\"><a href=\"https:\/\/udestudi.com\/ca\/projectes\/conquista-comercial\/\" target=\"_self\" aria-label=\"Conquista\" class=\"metaslider_image_link\"><img loading=\"lazy\" decoding=\"async\" src=\"https:\/\/udestudi.com\/wp-content\/uploads\/2025\/04\/conquista-400x300.jpg\" height=\"300\" width=\"400\" alt=\"Conquista\" class=\"slider-2155 slide-2164 msDefaultImage\" title=\"Conquista\" \/><\/a><div class=\"caption-wrap\"><div class=\"caption\"><div style=\"text-align:center;\">Conquista<\/div><\/div><\/div><\/li>\n                <li style=\"display: none; width: 100%;\" class=\"slide-2165 ms-image \" aria-roledescription=\"slide\" data-date=\"2025-07-31 02:46:14\"><a href=\"https:\/\/udestudi.com\/ca\/projectes\/cuyas-y-tolosa-residencial\" target=\"_self\" aria-label=\"Cuyas y Tolosa\" class=\"metaslider_image_link\"><img loading=\"lazy\" decoding=\"async\" src=\"https:\/\/udestudi.com\/wp-content\/uploads\/2025\/05\/PORTADA-CUYAS-Y-TOLOSA-400x300.jpeg\" height=\"300\" width=\"400\" alt=\"Cuyas y Tolosa\" class=\"slider-2155 slide-2165 msDefaultImage\" title=\"Cuyas y Tolosa\" \/><\/a><div class=\"caption-wrap\"><div class=\"caption\"><div>Cuyas y Tolosa<\/div><\/div><\/div><\/li>\n            <\/ul>\n        <\/div>\n        \n    <\/div>\n<\/div><\/div>\n\t\t\t\t\t\t<\/div>\n\t\t\t\t<\/div>\n\t\t\t\t\t<\/div>\n\t\t\t\t<\/div>\n\t\t\t\t<\/div>\n\t\t","protected":false},"excerpt":{"rendered":"<p>EL RUM RUM Inspirat en l&#8217;ess\u00e8ncia mediterr\u00e0nia per\u00f2 amb el ritme de la Cuba tropical, EL RUM RUM \u00e9s un projecte badalon\u00ed estructurat en diferents espais que es connecten mitjan\u00e7ant la barreja d&#8217;elements i materials c\u00e0lids. Un espai gastron\u00f2mic informal que ofereix plats i degustacions exquisits, on el verd, les fibres naturals i l&#8217;estil desenfadat, &#8230; <a title=\"El Rum Rum\" class=\"read-more\" href=\"https:\/\/udestudi.com\/ca\/projectes\/el-rum-rum-comercial\/\" aria-label=\"M\u00e9s informaci\u00f3 sobre El Rum Rum\">Llegiu m\u00e9s<\/a><\/p>\n","protected":false},"author":1,"featured_media":0,"parent":560,"menu_order":0,"comment_status":"closed","ping_status":"closed","template":"elementor_header_footer","meta":{"inline_featured_image":false,"footnotes":""},"class_list":["post-1544","page","type-page","status-publish"],"_links":{"self":[{"href":"https:\/\/udestudi.com\/ca\/wp-json\/wp\/v2\/pages\/1544","targetHints":{"allow":["GET"]}}],"collection":[{"href":"https:\/\/udestudi.com\/ca\/wp-json\/wp\/v2\/pages"}],"about":[{"href":"https:\/\/udestudi.com\/ca\/wp-json\/wp\/v2\/types\/page"}],"author":[{"embeddable":true,"href":"https:\/\/udestudi.com\/ca\/wp-json\/wp\/v2\/users\/1"}],"replies":[{"embeddable":true,"href":"https:\/\/udestudi.com\/ca\/wp-json\/wp\/v2\/comments?post=1544"}],"version-history":[{"count":9,"href":"https:\/\/udestudi.com\/ca\/wp-json\/wp\/v2\/pages\/1544\/revisions"}],"predecessor-version":[{"id":2287,"href":"https:\/\/udestudi.com\/ca\/wp-json\/wp\/v2\/pages\/1544\/revisions\/2287"}],"up":[{"embeddable":true,"href":"https:\/\/udestudi.com\/ca\/wp-json\/wp\/v2\/pages\/560"}],"wp:attachment":[{"href":"https:\/\/udestudi.com\/ca\/wp-json\/wp\/v2\/media?parent=1544"}],"curies":[{"name":"wp","href":"https:\/\/api.w.org\/{rel}","templated":true}]}}