{"id":555,"date":"2024-12-30T01:40:35","date_gmt":"2024-12-30T00:40:35","guid":{"rendered":"http:\/\/web.es.mialias.net\/inicio\/"},"modified":"2025-08-04T19:52:58","modified_gmt":"2025-08-04T17:52:58","slug":"inicio","status":"publish","type":"page","link":"https:\/\/udestudi.com\/ca\/","title":{"rendered":"Inici"},"content":{"rendered":"\t\t<div data-elementor-type=\"wp-page\" data-elementor-id=\"555\" class=\"elementor elementor-555\">\n\t\t\t\t<div class=\"elementor-element elementor-element-8ec343a elementor-hidden-tablet elementor-hidden-mobile e-flex e-con-boxed e-con e-parent\" data-id=\"8ec343a\" data-element_type=\"container\" data-settings=\"{&quot;background_background&quot;:&quot;classic&quot;}\">\n\t\t\t\t\t<div class=\"e-con-inner\">\n\t\t<div class=\"elementor-element elementor-element-299612b e-con-full e-flex e-con e-child\" data-id=\"299612b\" data-element_type=\"container\">\n\t\t<div class=\"elementor-element elementor-element-b55f752 e-con-full e-flex e-con e-child\" data-id=\"b55f752\" data-element_type=\"container\">\n\t\t\t\t<div class=\"elementor-element elementor-element-986c809 font-t elementor-widget elementor-widget-heading\" data-id=\"986c809\" data-element_type=\"widget\" data-widget_type=\"heading.default\">\n\t\t\t\t<div class=\"elementor-widget-container\">\n\t\t\t\t\t<h2 class=\"elementor-heading-title elementor-size-default\">Disseny real<br>per a la vida real<\/h2>\t\t\t\t<\/div>\n\t\t\t\t<\/div>\n\t\t\t\t<div class=\"elementor-element elementor-element-000cc18 elementor-widget__width-initial font-p elementor-widget elementor-widget-text-editor\" data-id=\"000cc18\" data-element_type=\"widget\" data-widget_type=\"text-editor.default\">\n\t\t\t\t<div class=\"elementor-widget-container\">\n\t\t\t\t\t\t\t\t\tEl nostre comprom\u00eds \u00e9s <strong>dissenyar ambients<\/strong> que combinen funcionalitat i emoci\u00f3, adaptats al teu dia a dia.\t\t\t\t\t\t\t\t<\/div>\n\t\t\t\t<\/div>\n\t\t\t\t<\/div>\n\t\t\t\t<\/div>\n\t\t<div class=\"elementor-element elementor-element-75dc056 e-con-full elementor-hidden-tablet elementor-hidden-mobile e-flex e-con e-child\" data-id=\"75dc056\" data-element_type=\"container\">\n\t\t\t\t<\/div>\n\t\t\t\t\t<\/div>\n\t\t\t\t<\/div>\n\t\t<div class=\"elementor-element elementor-element-9f20061 elementor-hidden-widescreen elementor-hidden-desktop elementor-hidden-laptop e-flex e-con-boxed e-con e-parent\" data-id=\"9f20061\" data-element_type=\"container\">\n\t\t\t\t\t<div class=\"e-con-inner\">\n\t\t<div class=\"elementor-element elementor-element-a6a5043 e-con-full e-flex e-con e-child\" data-id=\"a6a5043\" data-element_type=\"container\">\n\t\t\t\t<div class=\"elementor-element elementor-element-7a017c8 font-t elementor-widget elementor-widget-heading\" data-id=\"7a017c8\" data-element_type=\"widget\" data-widget_type=\"heading.default\">\n\t\t\t\t<div class=\"elementor-widget-container\">\n\t\t\t\t\t<h2 class=\"elementor-heading-title elementor-size-default\">Disseny real<br>per a la vida real<\/h2>\t\t\t\t<\/div>\n\t\t\t\t<\/div>\n\t\t\t\t<div class=\"elementor-element elementor-element-ebd4646 elementor-widget__width-initial font-p elementor-widget-tablet__width-initial elementor-widget elementor-widget-text-editor\" data-id=\"ebd4646\" data-element_type=\"widget\" data-widget_type=\"text-editor.default\">\n\t\t\t\t<div class=\"elementor-widget-container\">\n\t\t\t\t\t\t\t\t\t<p>El nostre comprom\u00eds \u00e9s <strong>dissenyar ambients<\/strong> que combinen funcionalitat i emoci\u00f3, adaptats al teu dia a dia.<\/p>\t\t\t\t\t\t\t\t<\/div>\n\t\t\t\t<\/div>\n\t\t\t\t<div class=\"elementor-element elementor-element-9192820 elementor-widget elementor-widget-image\" data-id=\"9192820\" data-element_type=\"widget\" data-widget_type=\"image.default\">\n\t\t\t\t<div class=\"elementor-widget-container\">\n\t\t\t\t\t\t\t\t\t\t\t\t\t\t\t<img fetchpriority=\"high\" decoding=\"async\" width=\"1024\" height=\"682\" src=\"https:\/\/udestudi.com\/wp-content\/uploads\/2025\/03\/portada-1-1024x682.png\" class=\"attachment-large size-large wp-image-104\" alt=\"\" srcset=\"https:\/\/udestudi.com\/wp-content\/uploads\/2025\/03\/portada-1-1024x682.png 1024w, https:\/\/udestudi.com\/wp-content\/uploads\/2025\/03\/portada-1-300x200.png 300w, https:\/\/udestudi.com\/wp-content\/uploads\/2025\/03\/portada-1-768x512.png 768w, https:\/\/udestudi.com\/wp-content\/uploads\/2025\/03\/portada-1-1536x1024.png 1536w, https:\/\/udestudi.com\/wp-content\/uploads\/2025\/03\/portada-1.png 1922w\" sizes=\"(max-width: 1024px) 100vw, 1024px\" \/>\t\t\t\t\t\t\t\t\t\t\t\t\t\t\t<\/div>\n\t\t\t\t<\/div>\n\t\t\t\t<\/div>\n\t\t\t\t\t<\/div>\n\t\t\t\t<\/div>\n\t\t<div class=\"elementor-element elementor-element-b5dc6f3 e-flex e-con-boxed e-con e-parent\" data-id=\"b5dc6f3\" data-element_type=\"container\" data-settings=\"{&quot;background_background&quot;:&quot;classic&quot;}\">\n\t\t\t\t\t<div class=\"e-con-inner\">\n\t\t<div class=\"elementor-element elementor-element-585f29c e-con-full e-flex e-con e-child\" data-id=\"585f29c\" data-element_type=\"container\">\n\t\t\t\t<div class=\"elementor-element elementor-element-ef8f09e elementor-widget__width-initial font-t elementor-widget elementor-widget-text-editor\" data-id=\"ef8f09e\" data-element_type=\"widget\" data-widget_type=\"text-editor.default\">\n\t\t\t\t<div class=\"elementor-widget-container\">\n\t\t\t\t\t\t\t\t\tComprom\u00eds, innovaci\u00f3 i autenticitat\t\t\t\t\t\t\t\t<\/div>\n\t\t\t\t<\/div>\n\t\t\t\t<\/div>\n\t\t<div class=\"elementor-element elementor-element-81813b2 e-con-full e-flex e-con e-child\" data-id=\"81813b2\" data-element_type=\"container\">\n\t\t\t\t<div class=\"elementor-element elementor-element-65aec1b elementor-widget__width-initial font-p elementor-widget elementor-widget-text-editor\" data-id=\"65aec1b\" data-element_type=\"widget\" data-widget_type=\"text-editor.default\">\n\t\t\t\t<div class=\"elementor-widget-container\">\n\t\t\t\t\t\t\t\t\tAmb una traject\u00f2ria marcada per l&#8217;experi\u00e8ncia i la innovaci\u00f3, creiem en el disseny com una eina per entendre i conceptualitzar l&#8217;espai.\t\t\t\t\t\t\t\t<\/div>\n\t\t\t\t<\/div>\n\t\t\t\t<\/div>\n\t\t\t\t\t<\/div>\n\t\t\t\t<\/div>\n\t\t<div class=\"elementor-element elementor-element-e40dfcf e-flex e-con-boxed e-con e-parent\" data-id=\"e40dfcf\" data-element_type=\"container\" data-settings=\"{&quot;background_background&quot;:&quot;classic&quot;}\">\n\t\t\t\t\t<div class=\"e-con-inner\">\n\t\t<div class=\"elementor-element elementor-element-3135014 e-con-full e-flex e-con e-child\" data-id=\"3135014\" data-element_type=\"container\">\n\t\t<div class=\"elementor-element elementor-element-642f806 e-con-full e-flex e-con e-child\" data-id=\"642f806\" data-element_type=\"container\">\n\t\t\t\t<div class=\"elementor-element elementor-element-670555d elementor-widget__width-initial font-t elementor-widget elementor-widget-heading\" data-id=\"670555d\" data-element_type=\"widget\" data-widget_type=\"heading.default\">\n\t\t\t\t<div class=\"elementor-widget-container\">\n\t\t\t\t\t<h2 class=\"elementor-heading-title elementor-size-default\">Cada espai t\u00e9 una identitat pr\u00f2pia<\/h2>\t\t\t\t<\/div>\n\t\t\t\t<\/div>\n\t\t\t\t<\/div>\n\t\t<div class=\"elementor-element elementor-element-92afcb9 e-con-full e-flex e-con e-child\" data-id=\"92afcb9\" data-element_type=\"container\">\n\t\t\t\t<div class=\"elementor-element elementor-element-490bc63 elementor-widget__width-initial font-p elementor-widget elementor-widget-text-editor\" data-id=\"490bc63\" data-element_type=\"widget\" data-widget_type=\"text-editor.default\">\n\t\t\t\t<div class=\"elementor-widget-container\">\n\t\t\t\t\t\t\t\t\t<p>Definir-ho no nom\u00e9s requereix una comprensi\u00f3 del lloc f\u00edsic, sin\u00f3 de les sensacions que genera a les persones.<\/p>\t\t\t\t\t\t\t\t<\/div>\n\t\t\t\t<\/div>\n\t\t\t\t<\/div>\n\t\t\t\t<div class=\"elementor-element elementor-element-137cc86 elementor-widget__width-initial font-p elementor-widget elementor-widget-text-editor\" data-id=\"137cc86\" data-element_type=\"widget\" data-widget_type=\"text-editor.default\">\n\t\t\t\t<div class=\"elementor-widget-container\">\n\t\t\t\t\t\t\t\t\t<a style=\"color: #eb4410;\" href=\"\/ca\/projectes\">Veure tots els projectes<\/a>\t\t\t\t\t\t\t\t<\/div>\n\t\t\t\t<\/div>\n\t\t\t\t<\/div>\n\t\t<div class=\"elementor-element elementor-element-bcae78e e-con-full e-flex e-con e-child\" data-id=\"bcae78e\" data-element_type=\"container\">\n\t\t<div class=\"elementor-element elementor-element-f102392 e-con-full e-flex e-con e-child\" data-id=\"f102392\" data-element_type=\"container\">\n\t\t<div class=\"elementor-element elementor-element-1e68591 e-con-full e-flex e-con e-child\" data-id=\"1e68591\" data-element_type=\"container\" data-settings=\"{&quot;background_background&quot;:&quot;classic&quot;}\">\n\t\t\t\t<div class=\"elementor-element elementor-element-b8d0b6b elementor-widget elementor-widget-html\" data-id=\"b8d0b6b\" data-element_type=\"widget\" data-widget_type=\"html.default\">\n\t\t\t\t<div class=\"elementor-widget-container\">\n\t\t\t\t\t<a href=\"\/ca\/projectes\/maresme-residencial\/\" class=\"image-container\">\n   \n    <div class=\"overlay\"><\/div>\n    <div class=\"text font-t\">Maresme<br><span>RESIDENCIAL<\/span><\/div>\n<\/a>\n\n\t\t\t\t<\/div>\n\t\t\t\t<\/div>\n\t\t\t\t<div class=\"elementor-element elementor-element-01e1604 font-t proj elementor-hidden-widescreen elementor-hidden-desktop elementor-hidden-laptop elementor-widget elementor-widget-heading\" data-id=\"01e1604\" data-element_type=\"widget\" data-widget_type=\"heading.default\">\n\t\t\t\t<div class=\"elementor-widget-container\">\n\t\t\t\t\t<h3 class=\"elementor-heading-title elementor-size-default\"><a href=\"\/ca\/projectes\/maresme-residencial\/\">Maresme<br><span>Residencial<\/span><\/a><\/h3>\t\t\t\t<\/div>\n\t\t\t\t<\/div>\n\t\t\t\t<\/div>\n\t\t<div class=\"elementor-element elementor-element-31869a1 e-con-full e-flex e-con e-child\" data-id=\"31869a1\" data-element_type=\"container\" data-settings=\"{&quot;background_background&quot;:&quot;classic&quot;}\">\n\t\t\t\t<div class=\"elementor-element elementor-element-32555e3 elementor-widget elementor-widget-html\" data-id=\"32555e3\" data-element_type=\"widget\" data-widget_type=\"html.default\">\n\t\t\t\t<div class=\"elementor-widget-container\">\n\t\t\t\t\t<a href=\"\/ca\/projectes\/pau-claris-residencial\" class=\"image-container\">\n   \n    <div class=\"overlay\"><\/div>\n    <div class=\"text font-t\">Pau Clar\u00eds<br><span>RESIDENCIAL<\/span><\/div>\n<\/a>\n\n\t\t\t\t<\/div>\n\t\t\t\t<\/div>\n\t\t\t\t<div class=\"elementor-element elementor-element-2efe08c font-t proj elementor-hidden-widescreen elementor-hidden-desktop elementor-hidden-laptop elementor-widget elementor-widget-heading\" data-id=\"2efe08c\" data-element_type=\"widget\" data-widget_type=\"heading.default\">\n\t\t\t\t<div class=\"elementor-widget-container\">\n\t\t\t\t\t<h3 class=\"elementor-heading-title elementor-size-default\"><a href=\"\/ca\/projectes\/pau-claris-residencial\/\">Pau Clar\u00eds<br><span>Residencial<\/span><\/a><\/h3>\t\t\t\t<\/div>\n\t\t\t\t<\/div>\n\t\t\t\t<\/div>\n\t\t\t\t<\/div>\n\t\t<div class=\"elementor-element elementor-element-fde236e e-con-full e-flex e-con e-child\" data-id=\"fde236e\" data-element_type=\"container\">\n\t\t<div class=\"elementor-element elementor-element-837ddb5 e-con-full e-flex e-con e-child\" data-id=\"837ddb5\" data-element_type=\"container\" data-settings=\"{&quot;background_background&quot;:&quot;classic&quot;}\">\n\t\t\t\t<div class=\"elementor-element elementor-element-2b1096e elementor-widget elementor-widget-html\" data-id=\"2b1096e\" data-element_type=\"widget\" data-widget_type=\"html.default\">\n\t\t\t\t<div class=\"elementor-widget-container\">\n\t\t\t\t\t<a href=\"\/ca\/projectes\/riu-congost-residencial\/\" class=\"image-container\">\n   \n    <div class=\"overlay\"><\/div>\n    <div class=\"text font-t\">Riu Congost<br><span>RESIDENCIAL<\/span><\/div>\n<\/a>\n\n\n\t\t\t\t<\/div>\n\t\t\t\t<\/div>\n\t\t\t\t<div class=\"elementor-element elementor-element-dac9bbb font-t proj elementor-hidden-widescreen elementor-hidden-desktop elementor-hidden-laptop elementor-widget elementor-widget-heading\" data-id=\"dac9bbb\" data-element_type=\"widget\" data-widget_type=\"heading.default\">\n\t\t\t\t<div class=\"elementor-widget-container\">\n\t\t\t\t\t<h3 class=\"elementor-heading-title elementor-size-default\"><a href=\"\/ca\/projectes\/riu-congost-residencial\/\">Riu Congost<br><span>Residencial<\/span><\/a><\/h3>\t\t\t\t<\/div>\n\t\t\t\t<\/div>\n\t\t\t\t<\/div>\n\t\t<div class=\"elementor-element elementor-element-504ae8e e-con-full e-flex e-con e-child\" data-id=\"504ae8e\" data-element_type=\"container\" data-settings=\"{&quot;background_background&quot;:&quot;classic&quot;}\">\n\t\t\t\t<div class=\"elementor-element elementor-element-8ea0f2a elementor-widget elementor-widget-html\" data-id=\"8ea0f2a\" data-element_type=\"widget\" data-widget_type=\"html.default\">\n\t\t\t\t<div class=\"elementor-widget-container\">\n\t\t\t\t\t<a href=\"\/ca\/projectes\/el-rum-rum-comercial\" class=\"image-container\">\n   \n    <div class=\"overlay\"><\/div>\n    <div class=\"text font-t\">El Rum Rum<br><span>COMERCIAL<\/span><\/div>\n<\/a>\n\n\t\t\t\t<\/div>\n\t\t\t\t<\/div>\n\t\t\t\t<div class=\"elementor-element elementor-element-c613793 font-t proj elementor-hidden-widescreen elementor-hidden-desktop elementor-hidden-laptop elementor-widget elementor-widget-heading\" data-id=\"c613793\" data-element_type=\"widget\" data-widget_type=\"heading.default\">\n\t\t\t\t<div class=\"elementor-widget-container\">\n\t\t\t\t\t<h3 class=\"elementor-heading-title elementor-size-default\"><a href=\"\/ca\/projectes\/el-rum-rum-comercial\">El Rum Rum<br><span>Comercial<\/span><\/a><\/h3>\t\t\t\t<\/div>\n\t\t\t\t<\/div>\n\t\t\t\t<\/div>\n\t\t\t\t<\/div>\n\t\t\t\t<\/div>\n\t\t\t\t\t<\/div>\n\t\t\t\t<\/div>\n\t\t<div class=\"elementor-element elementor-element-393c683 e-flex e-con-boxed e-con e-parent\" data-id=\"393c683\" data-element_type=\"container\" data-settings=\"{&quot;background_background&quot;:&quot;classic&quot;}\">\n\t\t\t\t\t<div class=\"e-con-inner\">\n\t\t\t\t<div class=\"elementor-element elementor-element-80e126b elementor-widget__width-initial font-t elementor-widget elementor-widget-heading\" data-id=\"80e126b\" data-element_type=\"widget\" id=\"faqs-cat\" data-widget_type=\"heading.default\">\n\t\t\t\t<div class=\"elementor-widget-container\">\n\t\t\t\t\t<h2 class=\"elementor-heading-title elementor-size-default\">FAQs<\/h2>\t\t\t\t<\/div>\n\t\t\t\t<\/div>\n\t\t\t\t\t<\/div>\n\t\t\t\t<\/div>\n\t\t<div class=\"elementor-element elementor-element-f75fd48 e-flex e-con-boxed e-con e-parent\" data-id=\"f75fd48\" data-element_type=\"container\" data-settings=\"{&quot;background_background&quot;:&quot;classic&quot;}\">\n\t\t\t\t\t<div class=\"e-con-inner\">\n\t\t<div class=\"elementor-element elementor-element-29c1e8f e-con-full e-flex e-con e-child\" data-id=\"29c1e8f\" data-element_type=\"container\">\n\t\t\t\t<div class=\"elementor-element elementor-element-37787fa font-p elementor-widget elementor-widget-elementskit-accordion\" data-id=\"37787fa\" data-element_type=\"widget\" data-widget_type=\"elementskit-accordion.default\">\n\t\t\t\t<div class=\"elementor-widget-container\">\n\t\t\t\t\t<div class=\"ekit-wid-con\" >\n        <div class=\"elementskit-accordion accoedion-primary\" id=\"accordion-69e945c9612a2\">\n\n            \n                <div class=\"elementskit-card active\">\n                    <div class=\"elementskit-card-header\" id=\"primaryHeading-0-37787fa\">\n                        <a href=\"#collapse-828819369e945c9612a2\" class=\"ekit-accordion--toggler elementskit-btn-link collapsed\" data-ekit-toggle=\"collapse\" data-target=\"#Collapse-828819369e945c9612a2\" aria-expanded=\"true\" aria-controls=\"Collapse-828819369e945c9612a2\">\n                            \n                            <span class=\"ekit-accordion-title\">Com desenvolupeu un projecte d&#039;interiorisme?<\/span>\n\n                            \n                                <div class=\"ekit_accordion_icon_group\">\n                                    <div class=\"ekit_accordion_normal_icon\">\n                                        <!-- Normal Icon -->\n\t\t\t\t\t\t\t\t\t\t<i class=\"icon icon-down-arrow1\"><\/i>                                    <\/div>\n\n                                    <div class=\"ekit_accordion_active_icon\">\n                                        <!-- Active Icon -->\n\t\t\t\t\t\t\t\t\t\t<i class=\"icon icon-chevron-up\"><\/i>                                    <\/div>\n                                <\/div>\n\n                            \n                                                    <\/a>\n                    <\/div>\n\n                    <div id=\"Collapse-828819369e945c9612a2\" class=\" show collapse\" aria-labelledby=\"primaryHeading-0-37787fa\" data-parent=\"#accordion-69e945c9612a2\">\n\n                        <div class=\"elementskit-card-body ekit-accordion--content\">\n                            <p>Tot comen\u00e7a amb una fase d'exploraci\u00f3 on analitzem l'espai i entenem les vostres necessitats. A partir d'aqu\u00ed dissenyem propostes personalitzades i seleccionem materials, colors i mobiliari. Finalment, supervisem l'execuci\u00f3 per garantir-ne un resultat impecable.<\/p>                        <\/div>\n\n                    <\/div>\n\n                <\/div><!-- .elementskit-card END -->\n\n                \n                <div class=\"elementskit-card active\">\n                    <div class=\"elementskit-card-header\" id=\"primaryHeading-1-37787fa\">\n                        <a href=\"#collapse-4f8e35f69e945c9612a2\" class=\"ekit-accordion--toggler elementskit-btn-link collapsed\" data-ekit-toggle=\"collapse\" data-target=\"#Collapse-4f8e35f69e945c9612a2\" aria-expanded=\"true\" aria-controls=\"Collapse-4f8e35f69e945c9612a2\">\n                            \n                            <span class=\"ekit-accordion-title\">Quin nivell d&#039;implicaci\u00f3 tindr\u00e9 en el proc\u00e9s?<\/span>\n\n                            \n                                <div class=\"ekit_accordion_icon_group\">\n                                    <div class=\"ekit_accordion_normal_icon\">\n                                        <!-- Normal Icon -->\n\t\t\t\t\t\t\t\t\t\t<i class=\"icon icon-down-arrow1\"><\/i>                                    <\/div>\n\n                                    <div class=\"ekit_accordion_active_icon\">\n                                        <!-- Active Icon -->\n\t\t\t\t\t\t\t\t\t\t<i class=\"icon icon-chevron-up\"><\/i>                                    <\/div>\n                                <\/div>\n\n                            \n                                                    <\/a>\n                    <\/div>\n\n                    <div id=\"Collapse-4f8e35f69e945c9612a2\" class=\" show collapse\" aria-labelledby=\"primaryHeading-1-37787fa\" data-parent=\"#accordion-69e945c9612a2\">\n\n                        <div class=\"elementskit-card-body ekit-accordion--content\">\n                            <p>Tant com vulguis. Mantenim una comunicaci\u00f3 fluida perqu\u00e8 puguis seguir de prop cada aven\u00e7 i prendre decisions clau. Ens assegurem que tot reflecteixi la teva personalitat i estil de vida.<\/p>                        <\/div>\n\n                    <\/div>\n\n                <\/div><!-- .elementskit-card END -->\n\n                                        <\/div>\n    <\/div>\t\t\t\t<\/div>\n\t\t\t\t<\/div>\n\t\t\t\t<\/div>\n\t\t<div class=\"elementor-element elementor-element-68d19db e-con-full e-flex e-con e-child\" data-id=\"68d19db\" data-element_type=\"container\">\n\t\t\t\t<div class=\"elementor-element elementor-element-e9b3b54 font-p elementor-widget elementor-widget-elementskit-accordion\" data-id=\"e9b3b54\" data-element_type=\"widget\" data-widget_type=\"elementskit-accordion.default\">\n\t\t\t\t<div class=\"elementor-widget-container\">\n\t\t\t\t\t<div class=\"ekit-wid-con\" >\n        <div class=\"elementskit-accordion accoedion-primary\" id=\"accordion-69e945c961c0f\">\n\n            \n                <div class=\"elementskit-card active\">\n                    <div class=\"elementskit-card-header\" id=\"primaryHeading-0-e9b3b54\">\n                        <a href=\"#collapse-828819369e945c961c0f\" class=\"ekit-accordion--toggler elementskit-btn-link collapsed\" data-ekit-toggle=\"collapse\" data-target=\"#Collapse-828819369e945c961c0f\" aria-expanded=\"true\" aria-controls=\"Collapse-828819369e945c961c0f\">\n                            \n                            <span class=\"ekit-accordion-title\">Com aconseguiu que cada projecte tingui un car\u00e0cter \u00fanic?<\/span>\n\n                            \n                                <div class=\"ekit_accordion_icon_group\">\n                                    <div class=\"ekit_accordion_normal_icon\">\n                                        <!-- Normal Icon -->\n\t\t\t\t\t\t\t\t\t\t<i class=\"icon icon-down-arrow1\"><\/i>                                    <\/div>\n\n                                    <div class=\"ekit_accordion_active_icon\">\n                                        <!-- Active Icon -->\n\t\t\t\t\t\t\t\t\t\t<i class=\"icon icon-chevron-up\"><\/i>                                    <\/div>\n                                <\/div>\n\n                            \n                                                    <\/a>\n                    <\/div>\n\n                    <div id=\"Collapse-828819369e945c961c0f\" class=\" show collapse\" aria-labelledby=\"primaryHeading-0-e9b3b54\" data-parent=\"#accordion-69e945c961c0f\">\n\n                        <div class=\"elementskit-card-body ekit-accordion--content\">\n                            <p>Ens centrem en els detalls, l'harmonia entre est\u00e8tica i funcionalitat i la hist\u00f2ria que hi ha darrere de cada espai. La creativitat i latenci\u00f3 personalitzada ens permeten dissenyar llocs amb identitat pr\u00f2pia.<\/p>                        <\/div>\n\n                    <\/div>\n\n                <\/div><!-- .elementskit-card END -->\n\n                \n                <div class=\"elementskit-card active\">\n                    <div class=\"elementskit-card-header\" id=\"primaryHeading-1-e9b3b54\">\n                        <a href=\"#collapse-4f8e35f69e945c961c0f\" class=\"ekit-accordion--toggler elementskit-btn-link collapsed\" data-ekit-toggle=\"collapse\" data-target=\"#Collapse-4f8e35f69e945c961c0f\" aria-expanded=\"true\" aria-controls=\"Collapse-4f8e35f69e945c961c0f\">\n                            \n                            <span class=\"ekit-accordion-title\">Quan costa una reforma?<\/span>\n\n                            \n                                <div class=\"ekit_accordion_icon_group\">\n                                    <div class=\"ekit_accordion_normal_icon\">\n                                        <!-- Normal Icon -->\n\t\t\t\t\t\t\t\t\t\t<i class=\"icon icon-down-arrow1\"><\/i>                                    <\/div>\n\n                                    <div class=\"ekit_accordion_active_icon\">\n                                        <!-- Active Icon -->\n\t\t\t\t\t\t\t\t\t\t<i class=\"icon icon-chevron-up\"><\/i>                                    <\/div>\n                                <\/div>\n\n                            \n                                                    <\/a>\n                    <\/div>\n\n                    <div id=\"Collapse-4f8e35f69e945c961c0f\" class=\" show collapse\" aria-labelledby=\"primaryHeading-1-e9b3b54\" data-parent=\"#accordion-69e945c961c0f\">\n\n                        <div class=\"elementskit-card-body ekit-accordion--content\">\n                            <p>El preu varia segons el tipus dintervenci\u00f3, els materials i la complexitat del projecte. Treballem amb diferents rangs d'inversi\u00f3 i optimitzem cada recurs per garantir el millor resultat.<\/p>                        <\/div>\n\n                    <\/div>\n\n                <\/div><!-- .elementskit-card END -->\n\n                                        <\/div>\n    <\/div>\t\t\t\t<\/div>\n\t\t\t\t<\/div>\n\t\t\t\t<\/div>\n\t\t\t\t\t<\/div>\n\t\t\t\t<\/div>\n\t\t\t\t<\/div>\n\t\t","protected":false},"excerpt":{"rendered":"<p>Disseny realper a la vida real El nostre comprom\u00eds \u00e9s dissenyar ambients que combinen funcionalitat i emoci\u00f3, adaptats al teu dia a dia. Disseny realper a la vida real El nostre comprom\u00eds \u00e9s dissenyar ambients que combinen funcionalitat i emoci\u00f3, adaptats al teu dia a dia. Comprom\u00eds, innovaci\u00f3 i autenticitatAmb una traject\u00f2ria marcada per l&#8217;experi\u00e8ncia &#8230; <a title=\"Inici\" class=\"read-more\" href=\"https:\/\/udestudi.com\/ca\/\" aria-label=\"M\u00e9s informaci\u00f3 sobre Inici\">Llegiu m\u00e9s<\/a><\/p>\n","protected":false},"author":1,"featured_media":0,"parent":0,"menu_order":0,"comment_status":"closed","ping_status":"open","template":"elementor_header_footer","meta":{"inline_featured_image":false,"footnotes":""},"class_list":["post-555","page","type-page","status-publish"],"_links":{"self":[{"href":"https:\/\/udestudi.com\/ca\/wp-json\/wp\/v2\/pages\/555","targetHints":{"allow":["GET"]}}],"collection":[{"href":"https:\/\/udestudi.com\/ca\/wp-json\/wp\/v2\/pages"}],"about":[{"href":"https:\/\/udestudi.com\/ca\/wp-json\/wp\/v2\/types\/page"}],"author":[{"embeddable":true,"href":"https:\/\/udestudi.com\/ca\/wp-json\/wp\/v2\/users\/1"}],"replies":[{"embeddable":true,"href":"https:\/\/udestudi.com\/ca\/wp-json\/wp\/v2\/comments?post=555"}],"version-history":[{"count":98,"href":"https:\/\/udestudi.com\/ca\/wp-json\/wp\/v2\/pages\/555\/revisions"}],"predecessor-version":[{"id":2322,"href":"https:\/\/udestudi.com\/ca\/wp-json\/wp\/v2\/pages\/555\/revisions\/2322"}],"wp:attachment":[{"href":"https:\/\/udestudi.com\/ca\/wp-json\/wp\/v2\/media?parent=555"}],"curies":[{"name":"wp","href":"https:\/\/api.w.org\/{rel}","templated":true}]}}