{"id":560,"date":"2025-03-04T09:02:30","date_gmt":"2025-03-04T08:02:30","guid":{"rendered":"http:\/\/web.es.mialias.net\/proyectos\/"},"modified":"2025-05-12T12:28:28","modified_gmt":"2025-05-12T10:28:28","slug":"projectes","status":"publish","type":"page","link":"https:\/\/udestudi.com\/ca\/projectes\/","title":{"rendered":"Projectes"},"content":{"rendered":"\t\t<div data-elementor-type=\"wp-page\" data-elementor-id=\"560\" class=\"elementor elementor-560\">\n\t\t\t\t<div class=\"elementor-element elementor-element-0802c6f e-flex e-con-boxed e-con e-parent\" data-id=\"0802c6f\" data-element_type=\"container\">\n\t\t\t\t\t<div class=\"e-con-inner\">\n\t\t<div class=\"elementor-element elementor-element-fabda38 e-con-full e-flex e-con e-child\" data-id=\"fabda38\" data-element_type=\"container\">\n\t\t\t\t<div class=\"elementor-element elementor-element-56b1767 elementor-widget__width-initial font-t elementor-widget elementor-widget-heading\" data-id=\"56b1767\" data-element_type=\"widget\" data-widget_type=\"heading.default\">\n\t\t\t\t<div class=\"elementor-widget-container\">\n\t\t\t\t\t<h2 class=\"elementor-heading-title elementor-size-default\">Descobreix com el disseny pot transformar no nom\u00e9s un espai, sin\u00f3 tamb\u00e9 la manera com el vius\n<\/h2>\t\t\t\t<\/div>\n\t\t\t\t<\/div>\n\t\t\t\t<div class=\"elementor-element elementor-element-8c841ac elementor-widget__width-initial font-p elementor-widget elementor-widget-text-editor\" data-id=\"8c841ac\" data-element_type=\"widget\" data-widget_type=\"text-editor.default\">\n\t\t\t\t<div class=\"elementor-widget-container\">\n\t\t\t\t\t\t\t\t\tDes de la primera idea fins al darrer acabat, el nostre objectiu \u00e9s oferir solucions reals, pr\u00e0ctiques i funcionals que converteixin cada espai en una extensi\u00f3 del teu estil de vida.\t\t\t\t\t\t\t\t<\/div>\n\t\t\t\t<\/div>\n\t\t\t\t<\/div>\n\t\t\t\t\t<\/div>\n\t\t\t\t<\/div>\n\t\t<div class=\"elementor-element elementor-element-0ece264 e-flex e-con-boxed e-con e-parent\" data-id=\"0ece264\" data-element_type=\"container\" data-settings=\"{&quot;background_background&quot;:&quot;classic&quot;}\">\n\t\t\t\t\t<div class=\"e-con-inner\">\n\t\t<div class=\"elementor-element elementor-element-05cd5e2 e-con-full e-flex e-con e-child\" data-id=\"05cd5e2\" data-element_type=\"container\">\n\t\t<div class=\"elementor-element elementor-element-db825f2 e-con-full e-flex e-con e-child\" data-id=\"db825f2\" data-element_type=\"container\">\n\t\t<div class=\"elementor-element elementor-element-edeb255 e-con-full e-flex e-con e-child\" data-id=\"edeb255\" data-element_type=\"container\" data-settings=\"{&quot;background_background&quot;:&quot;classic&quot;}\">\n\t\t\t\t<div class=\"elementor-element elementor-element-631c8d1 elementor-widget elementor-widget-html\" data-id=\"631c8d1\" data-element_type=\"widget\" data-widget_type=\"html.default\">\n\t\t\t\t<div class=\"elementor-widget-container\">\n\t\t\t\t\t<a href=\"\/ca\/projectes\/maresme-residencial\/\" class=\"image-container\">\n   \n    <div class=\"overlay\"><\/div>\n    <div class=\"text font-t\">Maresme<br><span>RESIDENCIAL<\/span><\/div>\n<\/a>\n\n\t\t\t\t<\/div>\n\t\t\t\t<\/div>\n\t\t\t\t<div class=\"elementor-element elementor-element-ae886e1 font-t proj elementor-hidden-widescreen elementor-hidden-desktop elementor-hidden-laptop elementor-widget elementor-widget-heading\" data-id=\"ae886e1\" data-element_type=\"widget\" data-widget_type=\"heading.default\">\n\t\t\t\t<div class=\"elementor-widget-container\">\n\t\t\t\t\t<h3 class=\"elementor-heading-title elementor-size-default\"><a href=\"\/ca\/projectes\/maresme-residencial\/\">Maresme<br><span>Residencial<\/span><\/a><\/h3>\t\t\t\t<\/div>\n\t\t\t\t<\/div>\n\t\t\t\t<\/div>\n\t\t<div class=\"elementor-element elementor-element-deb0713 e-con-full e-flex e-con e-child\" data-id=\"deb0713\" data-element_type=\"container\" data-settings=\"{&quot;background_background&quot;:&quot;classic&quot;}\">\n\t\t\t\t<div class=\"elementor-element elementor-element-e8f33cd elementor-widget elementor-widget-html\" data-id=\"e8f33cd\" data-element_type=\"widget\" data-widget_type=\"html.default\">\n\t\t\t\t<div class=\"elementor-widget-container\">\n\t\t\t\t\t<a href=\"\/ca\/projectes\/pau-claris-residencial\" class=\"image-container\">\n   \n    <div class=\"overlay\"><\/div>\n    <div class=\"text font-t\">Pau Clar\u00eds<br><span>RESIDENCIAL<\/span><\/div>\n<\/a>\n\n\n\t\t\t\t<\/div>\n\t\t\t\t<\/div>\n\t\t\t\t<div class=\"elementor-element elementor-element-f8e5c45 font-t proj elementor-hidden-widescreen elementor-hidden-desktop elementor-hidden-laptop elementor-widget elementor-widget-heading\" data-id=\"f8e5c45\" data-element_type=\"widget\" data-widget_type=\"heading.default\">\n\t\t\t\t<div class=\"elementor-widget-container\">\n\t\t\t\t\t<h3 class=\"elementor-heading-title elementor-size-default\"><a href=\"\/ca\/projectes\/pau-claris-residencial\/\">Pau Clar\u00eds<br><span>Residencial<\/span><\/a><\/h3>\t\t\t\t<\/div>\n\t\t\t\t<\/div>\n\t\t\t\t<\/div>\n\t\t\t\t<\/div>\n\t\t\t\t<\/div>\n\t\t\t\t\t<\/div>\n\t\t\t\t<\/div>\n\t\t<div class=\"elementor-element elementor-element-fb95c3f e-flex e-con-boxed e-con e-parent\" data-id=\"fb95c3f\" data-element_type=\"container\">\n\t\t\t\t\t<div class=\"e-con-inner\">\n\t\t<div class=\"elementor-element elementor-element-a799d4f e-con-full e-flex e-con e-child\" data-id=\"a799d4f\" data-element_type=\"container\">\n\t\t<div class=\"elementor-element elementor-element-47e36a8 e-con-full e-flex e-con e-child\" data-id=\"47e36a8\" data-element_type=\"container\">\n\t\t<div class=\"elementor-element elementor-element-34f1bb9 e-con-full e-flex e-con e-child\" data-id=\"34f1bb9\" data-element_type=\"container\" data-settings=\"{&quot;background_background&quot;:&quot;classic&quot;}\">\n\t\t\t\t<div class=\"elementor-element elementor-element-2ea5670 elementor-widget elementor-widget-html\" data-id=\"2ea5670\" data-element_type=\"widget\" data-widget_type=\"html.default\">\n\t\t\t\t<div class=\"elementor-widget-container\">\n\t\t\t\t\t<a href=\"\/ca\/projectes\/riu-congost-residencial\/\" class=\"image-container\">\n   \n    <div class=\"overlay\"><\/div>\n    <div class=\"text font-t\">Riu Congost<br><span>RESIDENCIAL<\/span><\/div>\n<\/a>\n\n\t\t\t\t<\/div>\n\t\t\t\t<\/div>\n\t\t\t\t<div class=\"elementor-element elementor-element-b2d70ec font-t proj elementor-hidden-widescreen elementor-hidden-desktop elementor-hidden-laptop elementor-widget elementor-widget-heading\" data-id=\"b2d70ec\" data-element_type=\"widget\" data-widget_type=\"heading.default\">\n\t\t\t\t<div class=\"elementor-widget-container\">\n\t\t\t\t\t<h3 class=\"elementor-heading-title elementor-size-default\"><a href=\"\/ca\/projectes\/riu-congost-residencial\/\">Riu Congost<br><span>Residencial<\/span><\/a><\/h3>\t\t\t\t<\/div>\n\t\t\t\t<\/div>\n\t\t\t\t<\/div>\n\t\t<div class=\"elementor-element elementor-element-f8f68e4 e-con-full e-flex e-con e-child\" data-id=\"f8f68e4\" data-element_type=\"container\" data-settings=\"{&quot;background_background&quot;:&quot;classic&quot;}\">\n\t\t\t\t<div class=\"elementor-element elementor-element-f001f65 elementor-widget elementor-widget-html\" data-id=\"f001f65\" data-element_type=\"widget\" data-widget_type=\"html.default\">\n\t\t\t\t<div class=\"elementor-widget-container\">\n\t\t\t\t\t<a href=\"\/ca\/projectes\/el-rum-rum-comercial\" class=\"image-container\">\n   \n    <div class=\"overlay\"><\/div>\n    <div class=\"text font-t\">El Rum Rum<br><span>COMERCIAL<\/span><\/div>\n<\/a>\n\n\t\t\t\t<\/div>\n\t\t\t\t<\/div>\n\t\t\t\t<div class=\"elementor-element elementor-element-d744f32 font-t proj elementor-hidden-widescreen elementor-hidden-desktop elementor-hidden-laptop elementor-widget elementor-widget-heading\" data-id=\"d744f32\" data-element_type=\"widget\" data-widget_type=\"heading.default\">\n\t\t\t\t<div class=\"elementor-widget-container\">\n\t\t\t\t\t<h3 class=\"elementor-heading-title elementor-size-default\"><a href=\"\/ca\/projectes\/el-rum-rum-comercial\">El Rum Rum<br><span>Comercial<\/span><\/a><\/h3>\t\t\t\t<\/div>\n\t\t\t\t<\/div>\n\t\t\t\t<\/div>\n\t\t\t\t<\/div>\n\t\t\t\t<\/div>\n\t\t\t\t\t<\/div>\n\t\t\t\t<\/div>\n\t\t<div class=\"elementor-element elementor-element-60e2562 e-flex e-con-boxed e-con e-parent\" data-id=\"60e2562\" data-element_type=\"container\">\n\t\t\t\t\t<div class=\"e-con-inner\">\n\t\t<div class=\"elementor-element elementor-element-282fe82 e-con-full e-flex e-con e-child\" data-id=\"282fe82\" data-element_type=\"container\">\n\t\t<div class=\"elementor-element elementor-element-b34ab7f e-con-full e-flex e-con e-child\" data-id=\"b34ab7f\" data-element_type=\"container\">\n\t\t<div class=\"elementor-element elementor-element-93cd34c e-con-full e-flex e-con e-child\" data-id=\"93cd34c\" data-element_type=\"container\" data-settings=\"{&quot;background_background&quot;:&quot;classic&quot;}\">\n\t\t\t\t<div class=\"elementor-element elementor-element-bcd7180 elementor-widget elementor-widget-html\" data-id=\"bcd7180\" data-element_type=\"widget\" data-widget_type=\"html.default\">\n\t\t\t\t<div class=\"elementor-widget-container\">\n\t\t\t\t\t<a href=\"\/ca\/projectes\/mediterrani-residencial\/\" class=\"image-container\">\n   \n    <div class=\"overlay\"><\/div>\n    <div class=\"text font-t\">Mediterrani<br><span>RESIDENCIAL<\/span><\/div>\n<\/a>\n\n\t\t\t\t<\/div>\n\t\t\t\t<\/div>\n\t\t\t\t<div class=\"elementor-element elementor-element-4c23356 font-t proj elementor-hidden-widescreen elementor-hidden-desktop elementor-hidden-laptop elementor-widget elementor-widget-heading\" data-id=\"4c23356\" data-element_type=\"widget\" data-widget_type=\"heading.default\">\n\t\t\t\t<div class=\"elementor-widget-container\">\n\t\t\t\t\t<h3 class=\"elementor-heading-title elementor-size-default\"><a href=\"\/ca\/projectes\/mediterrani-residencial\/\">Riu Congost<br><span>Residencial<\/span><\/a><\/h3>\t\t\t\t<\/div>\n\t\t\t\t<\/div>\n\t\t\t\t<\/div>\n\t\t<div class=\"elementor-element elementor-element-8e2a78d e-con-full e-flex e-con e-child\" data-id=\"8e2a78d\" data-element_type=\"container\" data-settings=\"{&quot;background_background&quot;:&quot;classic&quot;}\">\n\t\t\t\t<div class=\"elementor-element elementor-element-9182088 elementor-widget elementor-widget-html\" data-id=\"9182088\" data-element_type=\"widget\" data-widget_type=\"html.default\">\n\t\t\t\t<div class=\"elementor-widget-container\">\n\t\t\t\t\t<a href=\"\/ca\/projectes\/sant-iscle-residencial\" class=\"image-container\">\n   \n    <div class=\"overlay\"><\/div>\n    <div class=\"text font-t\">Sant Iscle<br><span>RESIDENCIAL<\/span><\/div>\n<\/a>\n\n\t\t\t\t<\/div>\n\t\t\t\t<\/div>\n\t\t\t\t<div class=\"elementor-element elementor-element-7bfffe7 font-t proj elementor-hidden-widescreen elementor-hidden-desktop elementor-hidden-laptop elementor-widget elementor-widget-heading\" data-id=\"7bfffe7\" data-element_type=\"widget\" data-widget_type=\"heading.default\">\n\t\t\t\t<div class=\"elementor-widget-container\">\n\t\t\t\t\t<h3 class=\"elementor-heading-title elementor-size-default\"><a href=\"\/ca\/projectes\/el-rum-rum-comercial\">El Rum Rum<br><span>Comercial<\/span><\/a><\/h3>\t\t\t\t<\/div>\n\t\t\t\t<\/div>\n\t\t\t\t<\/div>\n\t\t\t\t<\/div>\n\t\t\t\t<\/div>\n\t\t\t\t\t<\/div>\n\t\t\t\t<\/div>\n\t\t<div class=\"elementor-element elementor-element-6d27a77 e-flex e-con-boxed e-con e-parent\" data-id=\"6d27a77\" data-element_type=\"container\">\n\t\t\t\t\t<div class=\"e-con-inner\">\n\t\t<div class=\"elementor-element elementor-element-035bffb e-con-full e-flex e-con e-child\" data-id=\"035bffb\" data-element_type=\"container\">\n\t\t<div class=\"elementor-element elementor-element-d167a08 e-con-full e-flex e-con e-child\" data-id=\"d167a08\" data-element_type=\"container\">\n\t\t<div class=\"elementor-element elementor-element-7e83084 e-con-full e-flex e-con e-child\" data-id=\"7e83084\" data-element_type=\"container\" data-settings=\"{&quot;background_background&quot;:&quot;classic&quot;}\">\n\t\t\t\t<div class=\"elementor-element elementor-element-a42c3ac elementor-widget elementor-widget-html\" data-id=\"a42c3ac\" data-element_type=\"widget\" data-widget_type=\"html.default\">\n\t\t\t\t<div class=\"elementor-widget-container\">\n\t\t\t\t\t<a href=\"\/ca\/projectes\/pont-del-petroli-residencial\/\" class=\"image-container\">\n   \n    <div class=\"overlay\"><\/div>\n    <div class=\"text font-t\">Pont del Petroli<br><span>RESIDENCIAL<\/span><\/div>\n<\/a>\n\n\t\t\t\t<\/div>\n\t\t\t\t<\/div>\n\t\t\t\t<div class=\"elementor-element elementor-element-8939ac2 font-t proj elementor-hidden-widescreen elementor-hidden-desktop elementor-hidden-laptop elementor-widget elementor-widget-heading\" data-id=\"8939ac2\" data-element_type=\"widget\" data-widget_type=\"heading.default\">\n\t\t\t\t<div class=\"elementor-widget-container\">\n\t\t\t\t\t<h3 class=\"elementor-heading-title elementor-size-default\"><a href=\"\/ca\/projectes\/pont-del-petroli-residencial\/\">Pont del Petroli<br><span>Residencial<\/span><\/a><\/h3>\t\t\t\t<\/div>\n\t\t\t\t<\/div>\n\t\t\t\t<\/div>\n\t\t<div class=\"elementor-element elementor-element-67e8528 e-con-full e-flex e-con e-child\" data-id=\"67e8528\" data-element_type=\"container\" data-settings=\"{&quot;background_background&quot;:&quot;classic&quot;}\">\n\t\t\t\t<div class=\"elementor-element elementor-element-9d27573 elementor-widget elementor-widget-html\" data-id=\"9d27573\" data-element_type=\"widget\" data-widget_type=\"html.default\">\n\t\t\t\t<div class=\"elementor-widget-container\">\n\t\t\t\t\t<a href=\"\/ca\/caldetas\/caldetas-residencial\" class=\"image-container\">\n   \n    <div class=\"overlay\"><\/div>\n    <div class=\"text font-t\">Caldetas<br><span>RESIDENCIAL<\/span><\/div>\n<\/a>\n\n\t\t\t\t<\/div>\n\t\t\t\t<\/div>\n\t\t\t\t<div class=\"elementor-element elementor-element-fc563c1 font-t proj elementor-hidden-widescreen elementor-hidden-desktop elementor-hidden-laptop elementor-widget elementor-widget-heading\" data-id=\"fc563c1\" data-element_type=\"widget\" data-widget_type=\"heading.default\">\n\t\t\t\t<div class=\"elementor-widget-container\">\n\t\t\t\t\t<h3 class=\"elementor-heading-title elementor-size-default\"><a href=\"\/ca\/caldetas\/caldetas-residencial\">Caldetas<br><span>Residencial<\/span><\/a><\/h3>\t\t\t\t<\/div>\n\t\t\t\t<\/div>\n\t\t\t\t<\/div>\n\t\t\t\t<\/div>\n\t\t<div class=\"elementor-element elementor-element-ff26dc7 e-con-full e-flex e-con e-child\" data-id=\"ff26dc7\" data-element_type=\"container\">\n\t\t<div class=\"elementor-element elementor-element-f943182 e-con-full e-flex e-con e-child\" data-id=\"f943182\" data-element_type=\"container\" data-settings=\"{&quot;background_background&quot;:&quot;classic&quot;}\">\n\t\t\t\t<div class=\"elementor-element elementor-element-d137950 elementor-widget elementor-widget-html\" data-id=\"d137950\" data-element_type=\"widget\" data-widget_type=\"html.default\">\n\t\t\t\t<div class=\"elementor-widget-container\">\n\t\t\t\t\t<a href=\"\/ca\/projectes\/conquista-comercial\/\" class=\"image-container\">\n   \n    <div class=\"overlay\"><\/div>\n    <div class=\"text font-t\">Conquista<br><span>COMERCIAL<\/span><\/div>\n<\/a>\n\n\t\t\t\t<\/div>\n\t\t\t\t<\/div>\n\t\t\t\t<div class=\"elementor-element elementor-element-272ede6 font-t proj elementor-hidden-widescreen elementor-hidden-desktop elementor-hidden-laptop elementor-widget elementor-widget-heading\" data-id=\"272ede6\" data-element_type=\"widget\" data-widget_type=\"heading.default\">\n\t\t\t\t<div class=\"elementor-widget-container\">\n\t\t\t\t\t<h3 class=\"elementor-heading-title elementor-size-default\"><a href=\"\/ca\/projectes\/conquista-comercial\/\">Conquista<br><span>Comercial<\/span><\/a><\/h3>\t\t\t\t<\/div>\n\t\t\t\t<\/div>\n\t\t\t\t<\/div>\n\t\t<div class=\"elementor-element elementor-element-d714bbd e-con-full e-flex e-con e-child\" data-id=\"d714bbd\" data-element_type=\"container\" data-settings=\"{&quot;background_background&quot;:&quot;classic&quot;}\">\n\t\t\t\t<div class=\"elementor-element elementor-element-dbd62f2 elementor-widget elementor-widget-html\" data-id=\"dbd62f2\" data-element_type=\"widget\" data-widget_type=\"html.default\">\n\t\t\t\t<div class=\"elementor-widget-container\">\n\t\t\t\t\t<a href=\"\/ca\/projectes\/cuyas-y-tolosa-residencial\" class=\"image-container\">\n   \n    <div class=\"overlay\"><\/div>\n    <div class=\"text font-t\">Cuyas y Tolosa<br><span>RESIDENCIAL<\/span><\/div>\n<\/a>\n\n\t\t\t\t<\/div>\n\t\t\t\t<\/div>\n\t\t\t\t<div class=\"elementor-element elementor-element-d545384 font-t proj elementor-hidden-widescreen elementor-hidden-desktop elementor-hidden-laptop elementor-widget elementor-widget-heading\" data-id=\"d545384\" data-element_type=\"widget\" data-widget_type=\"heading.default\">\n\t\t\t\t<div class=\"elementor-widget-container\">\n\t\t\t\t\t<h3 class=\"elementor-heading-title elementor-size-default\"><a href=\"\/ca\/projectes\/cuyas-y-tolosa-residencial\">Cuyas y Tolosa<br><span>Residencial<\/span><\/a><\/h3>\t\t\t\t<\/div>\n\t\t\t\t<\/div>\n\t\t\t\t<\/div>\n\t\t\t\t<\/div>\n\t\t\t\t<\/div>\n\t\t\t\t\t<\/div>\n\t\t\t\t<\/div>\n\t\t\t\t<\/div>\n\t\t","protected":false},"excerpt":{"rendered":"<p>Descobreix com el disseny pot transformar no nom\u00e9s un espai, sin\u00f3 tamb\u00e9 la manera com el vius Des de la primera idea fins al darrer acabat, el nostre objectiu \u00e9s oferir solucions reals, pr\u00e0ctiques i funcionals que converteixin cada espai en una extensi\u00f3 del teu estil de vida. MaresmeRESIDENCIAL MaresmeResidencial Pau Clar\u00edsRESIDENCIAL Pau Clar\u00edsResidencial Riu &#8230; <a title=\"Projectes\" class=\"read-more\" href=\"https:\/\/udestudi.com\/ca\/projectes\/\" aria-label=\"M\u00e9s informaci\u00f3 sobre Projectes\">Llegiu m\u00e9s<\/a><\/p>\n","protected":false},"author":1,"featured_media":0,"parent":0,"menu_order":0,"comment_status":"closed","ping_status":"closed","template":"elementor_header_footer","meta":{"inline_featured_image":false,"footnotes":""},"class_list":["post-560","page","type-page","status-publish"],"_links":{"self":[{"href":"https:\/\/udestudi.com\/ca\/wp-json\/wp\/v2\/pages\/560","targetHints":{"allow":["GET"]}}],"collection":[{"href":"https:\/\/udestudi.com\/ca\/wp-json\/wp\/v2\/pages"}],"about":[{"href":"https:\/\/udestudi.com\/ca\/wp-json\/wp\/v2\/types\/page"}],"author":[{"embeddable":true,"href":"https:\/\/udestudi.com\/ca\/wp-json\/wp\/v2\/users\/1"}],"replies":[{"embeddable":true,"href":"https:\/\/udestudi.com\/ca\/wp-json\/wp\/v2\/comments?post=560"}],"version-history":[{"count":49,"href":"https:\/\/udestudi.com\/ca\/wp-json\/wp\/v2\/pages\/560\/revisions"}],"predecessor-version":[{"id":1865,"href":"https:\/\/udestudi.com\/ca\/wp-json\/wp\/v2\/pages\/560\/revisions\/1865"}],"wp:attachment":[{"href":"https:\/\/udestudi.com\/ca\/wp-json\/wp\/v2\/media?parent=560"}],"curies":[{"name":"wp","href":"https:\/\/api.w.org\/{rel}","templated":true}]}}