{"id":565,"date":"2025-03-04T09:18:50","date_gmt":"2025-03-04T08:18:50","guid":{"rendered":"http:\/\/web.es.mialias.net\/sobre-nosotros\/"},"modified":"2025-08-04T19:45:43","modified_gmt":"2025-08-04T17:45:43","slug":"sobre-nosaltres","status":"publish","type":"page","link":"https:\/\/udestudi.com\/ca\/sobre-nosaltres\/","title":{"rendered":"Sobre nosaltres"},"content":{"rendered":"\t\t<div data-elementor-type=\"wp-page\" data-elementor-id=\"565\" class=\"elementor elementor-565\">\n\t\t\t\t<div class=\"elementor-element elementor-element-acefed7 e-con-full e-flex e-con e-parent\" data-id=\"acefed7\" data-element_type=\"container\" id=\"sobre-nosotros-rowone\">\n\t\t<div class=\"elementor-element elementor-element-7f121c7 e-con-full e-flex e-con e-child\" data-id=\"7f121c7\" data-element_type=\"container\">\n\t\t\t\t<div class=\"elementor-element elementor-element-8dd0405 font-t elementor-widget elementor-widget-heading\" data-id=\"8dd0405\" data-element_type=\"widget\" data-widget_type=\"heading.default\">\n\t\t\t\t<div class=\"elementor-widget-container\">\n\t\t\t\t\t<h1 class=\"elementor-heading-title elementor-size-default\">Filosofia<\/h1>\t\t\t\t<\/div>\n\t\t\t\t<\/div>\n\t\t\t\t<\/div>\n\t\t<div class=\"elementor-element elementor-element-78ad57b e-con-full e-flex e-con e-child\" data-id=\"78ad57b\" data-element_type=\"container\">\n\t\t\t\t<div class=\"elementor-element elementor-element-1093bf6 elementor-widget elementor-widget-image\" data-id=\"1093bf6\" data-element_type=\"widget\" data-widget_type=\"image.default\">\n\t\t\t\t<div class=\"elementor-widget-container\">\n\t\t\t\t\t\t\t\t\t\t\t\t\t\t\t<img fetchpriority=\"high\" decoding=\"async\" width=\"819\" height=\"1024\" src=\"https:\/\/udestudi.com\/wp-content\/uploads\/2025\/07\/Quienes_UDEstudi-819x1024.png\" class=\"attachment-large size-large wp-image-1886\" alt=\"\" srcset=\"https:\/\/udestudi.com\/wp-content\/uploads\/2025\/07\/Quienes_UDEstudi-819x1024.png 819w, https:\/\/udestudi.com\/wp-content\/uploads\/2025\/07\/Quienes_UDEstudi-240x300.png 240w, https:\/\/udestudi.com\/wp-content\/uploads\/2025\/07\/Quienes_UDEstudi-768x961.png 768w, https:\/\/udestudi.com\/wp-content\/uploads\/2025\/07\/Quienes_UDEstudi.png 1199w\" sizes=\"(max-width: 819px) 100vw, 819px\" \/>\t\t\t\t\t\t\t\t\t\t\t\t\t\t\t<\/div>\n\t\t\t\t<\/div>\n\t\t\t\t<\/div>\n\t\t<div class=\"elementor-element elementor-element-496265d e-con-full e-flex e-con e-child\" data-id=\"496265d\" data-element_type=\"container\">\n\t\t\t\t<div class=\"elementor-element elementor-element-3c2d319 elementor-widget__width-initial font-p elementor-widget elementor-widget-text-editor\" data-id=\"3c2d319\" data-element_type=\"widget\" data-widget_type=\"text-editor.default\">\n\t\t\t\t<div class=\"elementor-widget-container\">\n\t\t\t\t\t\t\t\t\tDes dels seus inicis, <strong>UD ESTUDI<\/strong> ha cregut en el poder del disseny com a llenguatge universal capa\u00e7 de transformar vides.\n<br><br>\nEl nostre enfocament se centra en el disseny real, un disseny que no nom\u00e9s es vegi b\u00e9, sin\u00f3 que tamb\u00e9 funcioni, emocioni i s&#8217;adapti a les necessitats dels qui l&#8217;habiten.\t\t\t\t\t\t\t\t<\/div>\n\t\t\t\t<\/div>\n\t\t\t\t<\/div>\n\t\t\t\t<\/div>\n\t\t<div class=\"elementor-element elementor-element-732e07a e-flex e-con-boxed e-con e-parent\" data-id=\"732e07a\" data-element_type=\"container\" data-settings=\"{&quot;background_background&quot;:&quot;classic&quot;}\">\n\t\t\t\t\t<div class=\"e-con-inner\">\n\t\t<div class=\"elementor-element elementor-element-53f3945 e-con-full e-flex e-con e-child\" data-id=\"53f3945\" data-element_type=\"container\">\n\t\t<div class=\"elementor-element elementor-element-644ab9b e-con-full e-flex e-con e-child\" data-id=\"644ab9b\" data-element_type=\"container\">\n\t\t\t\t<div class=\"elementor-element elementor-element-689b3c0 font-t elementor-widget elementor-widget-heading\" data-id=\"689b3c0\" data-element_type=\"widget\" data-widget_type=\"heading.default\">\n\t\t\t\t<div class=\"elementor-widget-container\">\n\t\t\t\t\t<h2 class=\"elementor-heading-title elementor-size-default\">Com ho fem<\/h2>\t\t\t\t<\/div>\n\t\t\t\t<\/div>\n\t\t\t\t<\/div>\n\t\t<div class=\"elementor-element elementor-element-7a55242 e-con-full e-flex e-con e-child\" data-id=\"7a55242\" data-element_type=\"container\">\n\t\t\t\t<div class=\"elementor-element elementor-element-8cdf10c elementor-widget__width-initial font-p elementor-widget elementor-widget-text-editor\" data-id=\"8cdf10c\" data-element_type=\"widget\" data-widget_type=\"text-editor.default\">\n\t\t\t\t<div class=\"elementor-widget-container\">\n\t\t\t\t\t\t\t\t\tEl nostre comprom\u00eds comen\u00e7a escoltant les teves idees, analitzant les necessitats i entenent els teus objectius.\n<br><br>\nDes del concepte inicial fins al darrer detall, ens assegurem que cada pas estigui alineat amb les teves expectatives, fent-te part del proc\u00e9s i oferint-te un acompanyament continu, perqu\u00e8 la teva visi\u00f3 \u00e9s la nostra prioritat.\t\t\t\t\t\t\t\t<\/div>\n\t\t\t\t<\/div>\n\t\t\t\t<\/div>\n\t\t\t\t<\/div>\n\t\t<div class=\"elementor-element elementor-element-b249574 e-con-full e-flex e-con e-child\" data-id=\"b249574\" data-element_type=\"container\">\n\t\t\t\t<div class=\"elementor-element elementor-element-306de7e elementor-widget elementor-widget-image\" data-id=\"306de7e\" data-element_type=\"widget\" data-widget_type=\"image.default\">\n\t\t\t\t<div class=\"elementor-widget-container\">\n\t\t\t\t\t\t\t\t\t\t\t\t\t\t\t<img decoding=\"async\" width=\"979\" height=\"979\" src=\"https:\/\/udestudi.com\/wp-content\/uploads\/2025\/07\/Quienes_UDEstudi2.png\" class=\"attachment-large size-large wp-image-1888\" alt=\"\" srcset=\"https:\/\/udestudi.com\/wp-content\/uploads\/2025\/07\/Quienes_UDEstudi2.png 979w, https:\/\/udestudi.com\/wp-content\/uploads\/2025\/07\/Quienes_UDEstudi2-300x300.png 300w, https:\/\/udestudi.com\/wp-content\/uploads\/2025\/07\/Quienes_UDEstudi2-150x150.png 150w, https:\/\/udestudi.com\/wp-content\/uploads\/2025\/07\/Quienes_UDEstudi2-768x768.png 768w\" sizes=\"(max-width: 979px) 100vw, 979px\" \/>\t\t\t\t\t\t\t\t\t\t\t\t\t\t\t<\/div>\n\t\t\t\t<\/div>\n\t\t\t\t<\/div>\n\t\t\t\t\t<\/div>\n\t\t\t\t<\/div>\n\t\t<div class=\"elementor-element elementor-element-e73b20f e-flex e-con-boxed e-con e-parent\" data-id=\"e73b20f\" data-element_type=\"container\">\n\t\t\t\t\t<div class=\"e-con-inner\">\n\t\t<div class=\"elementor-element elementor-element-a84ef53 e-con-full e-flex e-con e-child\" data-id=\"a84ef53\" data-element_type=\"container\">\n\t\t\t\t<div class=\"elementor-element elementor-element-ebdc038 elementor-widget elementor-widget-image\" data-id=\"ebdc038\" data-element_type=\"widget\" data-widget_type=\"image.default\">\n\t\t\t\t<div class=\"elementor-widget-container\">\n\t\t\t\t\t\t\t\t\t\t\t\t\t\t\t<img decoding=\"async\" width=\"1500\" height=\"1875\" src=\"https:\/\/udestudi.com\/wp-content\/uploads\/2025\/07\/Quienes_UDEstudi3.png\" class=\"attachment-full size-full wp-image-1890\" alt=\"\" srcset=\"https:\/\/udestudi.com\/wp-content\/uploads\/2025\/07\/Quienes_UDEstudi3.png 1500w, https:\/\/udestudi.com\/wp-content\/uploads\/2025\/07\/Quienes_UDEstudi3-240x300.png 240w, https:\/\/udestudi.com\/wp-content\/uploads\/2025\/07\/Quienes_UDEstudi3-819x1024.png 819w, https:\/\/udestudi.com\/wp-content\/uploads\/2025\/07\/Quienes_UDEstudi3-768x960.png 768w, https:\/\/udestudi.com\/wp-content\/uploads\/2025\/07\/Quienes_UDEstudi3-1229x1536.png 1229w\" sizes=\"(max-width: 1500px) 100vw, 1500px\" \/>\t\t\t\t\t\t\t\t\t\t\t\t\t\t\t<\/div>\n\t\t\t\t<\/div>\n\t\t\t\t<\/div>\n\t\t<div class=\"elementor-element elementor-element-45d927d e-con-full e-flex e-con e-child\" data-id=\"45d927d\" data-element_type=\"container\">\n\t\t\t\t<div class=\"elementor-element elementor-element-5135a69 elementor-widget__width-initial font-t elementor-widget elementor-widget-heading\" data-id=\"5135a69\" data-element_type=\"widget\" data-widget_type=\"heading.default\">\n\t\t\t\t<div class=\"elementor-widget-container\">\n\t\t\t\t\t<h2 class=\"elementor-heading-title elementor-size-default\">Sabem que una reforma pot ser complexa, per\u00f2 el nostre \u00fanic objectiu \u00e9s que tu t'ocupis de gaudir-ne el resultat.<\/h2>\t\t\t\t<\/div>\n\t\t\t\t<\/div>\n\t\t\t\t<div class=\"elementor-element elementor-element-85b993b elementor-widget__width-initial font-p elementor-widget elementor-widget-text-editor\" data-id=\"85b993b\" data-element_type=\"widget\" data-widget_type=\"text-editor.default\">\n\t\t\t\t<div class=\"elementor-widget-container\">\n\t\t\t\t\t\t\t\t\tEl nostre equip combina talents i perspectives diverses, creant un proc\u00e9s de treball din\u00e0mic i eficient on cada projecte \u00e9s especial.\t\t\t\t\t\t\t\t<\/div>\n\t\t\t\t<\/div>\n\t\t\t\t<\/div>\n\t\t\t\t\t<\/div>\n\t\t\t\t<\/div>\n\t\t<div class=\"elementor-element elementor-element-4769f6f e-flex e-con-boxed e-con e-parent\" data-id=\"4769f6f\" data-element_type=\"container\">\n\t\t\t\t\t<div class=\"e-con-inner\">\n\t\t<div class=\"elementor-element elementor-element-e019b00 e-con-full e-flex e-con e-child\" data-id=\"e019b00\" data-element_type=\"container\">\n\t\t<div class=\"elementor-element elementor-element-eac2887 e-con-full e-flex e-con e-child\" data-id=\"eac2887\" data-element_type=\"container\">\n\t\t\t\t<div class=\"elementor-element elementor-element-0d54638 font-t elementor-widget elementor-widget-heading\" data-id=\"0d54638\" data-element_type=\"widget\" data-widget_type=\"heading.default\">\n\t\t\t\t<div class=\"elementor-widget-container\">\n\t\t\t\t\t<h2 class=\"elementor-heading-title elementor-size-default\">Personalitzaci\u00f3<\/h2>\t\t\t\t<\/div>\n\t\t\t\t<\/div>\n\t\t\t\t<\/div>\n\t\t<div class=\"elementor-element elementor-element-f7f0b57 e-con-full e-flex e-con e-child\" data-id=\"f7f0b57\" data-element_type=\"container\">\n\t\t\t\t<div class=\"elementor-element elementor-element-ad3068a elementor-widget elementor-widget-image\" data-id=\"ad3068a\" data-element_type=\"widget\" data-widget_type=\"image.default\">\n\t\t\t\t<div class=\"elementor-widget-container\">\n\t\t\t\t\t\t\t\t\t\t\t\t\t\t\t<img loading=\"lazy\" decoding=\"async\" width=\"790\" height=\"839\" src=\"https:\/\/udestudi.com\/wp-content\/uploads\/2025\/08\/SOBRE-NOSOTROS.png\" class=\"attachment-full size-full wp-image-2310\" alt=\"\" srcset=\"https:\/\/udestudi.com\/wp-content\/uploads\/2025\/08\/SOBRE-NOSOTROS.png 790w, https:\/\/udestudi.com\/wp-content\/uploads\/2025\/08\/SOBRE-NOSOTROS-282x300.png 282w, https:\/\/udestudi.com\/wp-content\/uploads\/2025\/08\/SOBRE-NOSOTROS-768x816.png 768w\" sizes=\"(max-width: 790px) 100vw, 790px\" \/>\t\t\t\t\t\t\t\t\t\t\t\t\t\t\t<\/div>\n\t\t\t\t<\/div>\n\t\t\t\t<\/div>\n\t\t<div class=\"elementor-element elementor-element-00d3b08 e-con-full e-flex e-con e-child\" data-id=\"00d3b08\" data-element_type=\"container\">\n\t\t\t\t<div class=\"elementor-element elementor-element-facc3c4 elementor-widget__width-initial font-p elementor-widget elementor-widget-text-editor\" data-id=\"facc3c4\" data-element_type=\"widget\" data-widget_type=\"text-editor.default\">\n\t\t\t\t<div class=\"elementor-widget-container\">\n\t\t\t\t\t\t\t\t\tTreballem cuidant cada detall perqu\u00e8 el resultat sigui un reflex perfecte de les teves necessitats i aspiracions.\n<br><br>\nCada disseny que creem \u00e9s \u00fanic, pensat per adaptar-se a tu ia la teva manera de viure.\t\t\t\t\t\t\t\t<\/div>\n\t\t\t\t<\/div>\n\t\t\t\t<\/div>\n\t\t\t\t<\/div>\n\t\t\t\t\t<\/div>\n\t\t\t\t<\/div>\n\t\t<div class=\"elementor-element elementor-element-1d6d19e e-flex e-con-boxed e-con e-parent\" data-id=\"1d6d19e\" data-element_type=\"container\">\n\t\t\t\t\t<div class=\"e-con-inner\">\n\t\t\t\t\t<\/div>\n\t\t\t\t<\/div>\n\t\t\t\t<\/div>\n\t\t","protected":false},"excerpt":{"rendered":"<p>Filosofia Des dels seus inicis, UD ESTUDI ha cregut en el poder del disseny com a llenguatge universal capa\u00e7 de transformar vides. El nostre enfocament se centra en el disseny real, un disseny que no nom\u00e9s es vegi b\u00e9, sin\u00f3 que tamb\u00e9 funcioni, emocioni i s&#8217;adapti a les necessitats dels qui l&#8217;habiten. Com ho fem &#8230; <a title=\"Sobre nosaltres\" class=\"read-more\" href=\"https:\/\/udestudi.com\/ca\/sobre-nosaltres\/\" aria-label=\"M\u00e9s informaci\u00f3 sobre Sobre nosaltres\">Llegiu m\u00e9s<\/a><\/p>\n","protected":false},"author":1,"featured_media":0,"parent":0,"menu_order":0,"comment_status":"closed","ping_status":"closed","template":"elementor_header_footer","meta":{"inline_featured_image":false,"footnotes":""},"class_list":["post-565","page","type-page","status-publish"],"_links":{"self":[{"href":"https:\/\/udestudi.com\/ca\/wp-json\/wp\/v2\/pages\/565","targetHints":{"allow":["GET"]}}],"collection":[{"href":"https:\/\/udestudi.com\/ca\/wp-json\/wp\/v2\/pages"}],"about":[{"href":"https:\/\/udestudi.com\/ca\/wp-json\/wp\/v2\/types\/page"}],"author":[{"embeddable":true,"href":"https:\/\/udestudi.com\/ca\/wp-json\/wp\/v2\/users\/1"}],"replies":[{"embeddable":true,"href":"https:\/\/udestudi.com\/ca\/wp-json\/wp\/v2\/comments?post=565"}],"version-history":[{"count":43,"href":"https:\/\/udestudi.com\/ca\/wp-json\/wp\/v2\/pages\/565\/revisions"}],"predecessor-version":[{"id":2316,"href":"https:\/\/udestudi.com\/ca\/wp-json\/wp\/v2\/pages\/565\/revisions\/2316"}],"wp:attachment":[{"href":"https:\/\/udestudi.com\/ca\/wp-json\/wp\/v2\/media?parent=565"}],"curies":[{"name":"wp","href":"https:\/\/api.w.org\/{rel}","templated":true}]}}